{"id":1226,"date":"2020-03-28T17:32:12","date_gmt":"2020-03-28T17:32:12","guid":{"rendered":"http:\/\/localhost\/meusite\/?page_id=1226"},"modified":"2020-04-20T11:20:43","modified_gmt":"2020-04-20T11:20:43","slug":"informacao-ao-consumidor","status":"publish","type":"page","link":"https:\/\/www.antoniomrguerra.com\/en\/informacao-ao-consumidor\/","title":{"rendered":"Consumer Information"},"content":{"rendered":"\n<p id=\"wp-block-themeisle-blocks-advanced-heading-34a212b7\" class=\"wp-block-themeisle-blocks-advanced-heading wp-block-themeisle-blocks-advanced-heading-34a212b7 ticss-e7993c4a\">This website was developed and is owned by <a rel=\"noreferrer noopener\" href=\"http:\/\/www.facebook.com\/antonio.guerra.3958914\" target=\"_blank\"> Ant\u00f3nio M.R. Guerra<\/a>.<br>The User when accessing this website becomes aware and accepts without reservation the following conditions of access and use:<br> \u00a0<br>1 &#8211; All content available on this website was developed by <a rel=\"noreferrer noopener\" href=\"http:\/\/www.facebook.com\/antonio.guerra.3958914\" target=\"_blank\">Ant\u00f3nio M.R. Guerra<\/a> <br><br>2 &#8211; All data contained in this website as well prices are only for informative purposes.<br><br>3 &#8211; All information and content available on this site, including images, texts and information from the site or any document contained here, are the intellectual property of <a rel=\"noreferrer noopener\" href=\"http:\/\/www.facebook.com\/antonio.guerra.3958914\" target=\"_blank\"> Ant\u00f3nio M.R. Guerra<\/a> or third parties who authorized its publication.<br><br>4 &#8211; When accessing websites through links provided by <a rel=\"noreferrer noopener\" href=\"http:\/\/www.facebook.com\/antonio.guerra.3958914\" target=\"_blank\"> Ant\u00f3nio M.R. Guerra<\/a>, the User accepts that <a rel=\"noreferrer noopener\" href=\"http:\/\/www.facebook.com\/antonio.guerra.3958914\" target=\"_blank\"> Ant\u00f3nio M.R. Guerra<\/a> do not have any control over the content of those websites, as such, <a rel=\"noreferrer noopener\" href=\"http:\/\/www.facebook.com\/antonio.guerra.3958914\" target=\"_blank\"> Ant\u00f3nio M.R. Guerra<\/a> cannot be held responsible for any consequences resulting from access to them.<br><br>5 &#8211; The content and information available on this website may be changed without prior notice.<br><br>6 &#8211; Any monetary value described for any equipment or service on this website can be changed without prior notice and will always be subject to the addition of the legal VAT rate in force..<br><br>7 &#8211; In the event of a dispute, the consumer may appeal to the following <a rel=\"noreferrer noopener\" href=\"http:\/\/www.antoniomrguerra.com\/pt\/aviso\/ral\/index.htm\" target=\"_blank\">Resolu\u00e7\u00e3o Alternativa Lit\u00edgios ao consumo<\/a>, more information about this regulatory authority as it is consulted below.<\/p>\n\n\n\n<p class=\"has-normal-font-size\"><\/p>\n\n\n\n<div class=\"wp-block-themeisle-blocks-advanced-columns has-1-columns has-desktop-equal-layout has-tablet-equal-layout has-mobile-equal-layout has-default-gap has-vertical-flex-start\" id=\"wp-block-themeisle-blocks-advanced-columns-64d192fb\"><div class=\"wp-block-themeisle-blocks-advanced-columns-overlay\"><\/div><div class=\"innerblocks-wrap\">\n<div class=\"wp-block-themeisle-blocks-advanced-column\" id=\"wp-block-themeisle-blocks-advanced-column-8a953c69\">\n<div class=\"wp-block-media-text alignwide is-vertically-aligned-center\" style=\"grid-template-columns:19% auto\"><figure class=\"wp-block-media-text__media\"><img loading=\"lazy\" width=\"90\" height=\"218\" src=\"http:\/\/www.antoniomrguerra.com\/wp-content\/uploads\/2020\/03\/logo_ral.jpg\" alt=\"\" class=\"wp-image-1227\"\/><\/figure><div class=\"wp-block-media-text__content\">\n<p><p class=\" \"><strong>Centro de Arbitragem de Conflitos de Consumo  de Lisboa<\/strong><\/p>\n\n\n\n<p class=\"has-small-font-size\">Rua dos Douradores, 116, 2\u00ba &#8211; 1100-207 LISBOA&nbsp;<br>Tel: +351 218 807 030<br>Fax: +351 218 807 038<\/p>\n\n\n\n<p class=\"has-small-font-size\">E-mail: <a href=\"mailto:juridico@centroarbitragemlisboa.pt\"> juridico@centroarbitragemlisboa.pt<\/a> \/ <a href=\"mailto:director@centroarbitragemlisboa.pt\"> director@centroarbitragemlisboa.pt<\/a><\/p>\n\n\n\n<p class=\"has-small-font-size\">Web: <a href=\"http:\/\/www.centroarbitragemlisboa.pt\/\"> www.centroarbitragemlisboa.pt<\/a><\/p>\n\n\n\n<p class=\"has-small-font-size\">More information on Consumer Portal <a href=\"http:\/\/www.consumidor.pt\/\">www.consumidor.pt<\/a><\/p>\n\n\n\n<p class=\"has-small-font-size\">Ao abrigo do Artigo 18\u00ba da Lei n.\u00ba  144\/2015, de 8 de Setembro<\/p>\n<\/div><\/div>\n<\/div>\n<\/div><\/div>\n\n\n\n<p id=\"wp-block-themeisle-blocks-advanced-heading-36066863\" class=\"wp-block-themeisle-blocks-advanced-heading wp-block-themeisle-blocks-advanced-heading-36066863\">Ant\u00f3nio MR Guerra&nbsp; |&nbsp; R. da Industria 481-F |&nbsp; 2840-182  SEIXAL&nbsp; |&nbsp; PORTUGAL<\/p>\n","protected":false},"excerpt":{"rendered":"","protected":false},"author":1,"featured_media":0,"parent":0,"menu_order":0,"comment_status":"closed","ping_status":"closed","template":"","meta":{"sfsi_plus_gutenberg_text_before_share":"","sfsi_plus_gutenberg_show_text_before_share":"","sfsi_plus_gutenberg_icon_type":"","sfsi_plus_gutenberg_icon_alignemt":"","sfsi_plus_gutenburg_max_per_row":"","_themeisle_gutenberg_block_has_review":false},"_links":{"self":[{"href":"https:\/\/www.antoniomrguerra.com\/en\/wp-json\/wp\/v2\/pages\/1226"}],"collection":[{"href":"https:\/\/www.antoniomrguerra.com\/en\/wp-json\/wp\/v2\/pages"}],"about":[{"href":"https:\/\/www.antoniomrguerra.com\/en\/wp-json\/wp\/v2\/types\/page"}],"author":[{"embeddable":true,"href":"https:\/\/www.antoniomrguerra.com\/en\/wp-json\/wp\/v2\/users\/1"}],"replies":[{"embeddable":true,"href":"https:\/\/www.antoniomrguerra.com\/en\/wp-json\/wp\/v2\/comments?post=1226"}],"version-history":[{"count":30,"href":"https:\/\/www.antoniomrguerra.com\/en\/wp-json\/wp\/v2\/pages\/1226\/revisions"}],"predecessor-version":[{"id":3661,"href":"https:\/\/www.antoniomrguerra.com\/en\/wp-json\/wp\/v2\/pages\/1226\/revisions\/3661"}],"wp:attachment":[{"href":"https:\/\/www.antoniomrguerra.com\/en\/wp-json\/wp\/v2\/media?parent=1226"}],"curies":[{"name":"wp","href":"https:\/\/api.w.org\/{rel}","templated":true}]}}