{"id":3097,"date":"2020-04-13T01:35:47","date_gmt":"2020-04-13T01:35:47","guid":{"rendered":"http:\/\/localhost\/meusite\/?page_id=3097"},"modified":"2020-04-15T01:32:50","modified_gmt":"2020-04-15T01:32:50","slug":"manutencao-reparacao-nautica","status":"publish","type":"page","link":"https:\/\/www.antoniomrguerra.com\/en\/manutencao-reparacao-nautica\/","title":{"rendered":"Maintenance | Nautical Repair Services"},"content":{"rendered":"\n<h6 id=\"wp-block-themeisle-blocks-advanced-heading-b7dcfd30\" class=\"wp-block-themeisle-blocks-advanced-heading wp-block-themeisle-blocks-advanced-heading-b7dcfd30\">Photo Gallery of Nautical Repairs and Maintenance performed on Marine Engines<\/h6>\n\n\n\n<div class=\"wp-block-themeisle-blocks-advanced-columns has-1-columns has-desktop-equal-layout has-tablet-equal-layout has-mobile-equal-layout has-default-gap has-vertical-unset\" id=\"wp-block-themeisle-blocks-advanced-columns-b849ab16\"><div class=\"wp-block-themeisle-blocks-advanced-columns-overlay\"><\/div><div class=\"innerblocks-wrap\">\n<div class=\"wp-block-themeisle-blocks-advanced-column\" id=\"wp-block-themeisle-blocks-advanced-column-cd65cc33\">\n<div class=\"wp-block-responsive-lightbox-gallery\"><div class=\"rl-gallery-container rl-loading rl-pagination-infinite\" id=\"rl-gallery-container-1\" data-gallery_id=\"2463\"> <div class=\"rl-gallery rl-basicmasonry-gallery rl-hover-effect-6 rl-hover-icon-2\" id=\"rl-gallery-1\" data-gallery_no=\"1\"> <div class=\"rl-gutter-sizer\"><\/div><div class=\"rl-grid-sizer\"><\/div> <div class=\"rl-gallery-item rl-gallery-item-width-4\" > <div class=\"rl-gallery-item-content\"> <a href=\"https:\/\/www.antoniomrguerra.com\/en\/wp-content\/uploads\/2020\/04\/IMAG0810-1024x576.jpg\" title=\"\" data-rl_title=\"\" class=\"rl-gallery-link\" data-rl_caption=\"Evinrude ETEC 250 V6 Repara\u00e7\u00e3o\" data-rel=\"lightbox-gallery-1\"><img src=\"https:\/\/www.antoniomrguerra.com\/en\/wp-content\/uploads\/2020\/04\/IMAG0810-300x169.jpg\" width=\"300\" height=\"169\" \/><span class=\"rl-gallery-caption\"><span class=\"rl-gallery-item-caption\">Evinrude ETEC 250 V6 Repara\u00e7\u00e3o<\/span><\/span><\/a> <\/div> <\/div> <div class=\"rl-gallery-item\" > <div class=\"rl-gallery-item-content\"> <a href=\"https:\/\/www.antoniomrguerra.com\/en\/wp-content\/uploads\/2020\/04\/IMAG2360-1024x576.jpg\" title=\"\" data-rl_title=\"\" class=\"rl-gallery-link\" data-rl_caption=\"Revis\u00e3o Mercury 225Hp Optimax\" data-rel=\"lightbox-gallery-1\"><img src=\"https:\/\/www.antoniomrguerra.com\/en\/wp-content\/uploads\/2020\/04\/IMAG2360-300x169.jpg\" width=\"300\" height=\"169\" \/><span class=\"rl-gallery-caption\"><span class=\"rl-gallery-item-caption\">Revis\u00e3o Mercury 225Hp Optimax<\/span><\/span><\/a> <\/div> <\/div> <div class=\"rl-gallery-item\" > <div class=\"rl-gallery-item-content\"> <a href=\"https:\/\/www.antoniomrguerra.com\/en\/wp-content\/uploads\/2020\/04\/IMAG0825.jpg\" title=\"\" data-rl_title=\"\" class=\"rl-gallery-link\" data-rl_caption=\"Cambota V6 ETEC Evinrude\" data-rel=\"lightbox-gallery-1\"><img src=\"https:\/\/www.antoniomrguerra.com\/en\/wp-content\/uploads\/2020\/04\/IMAG0825-169x300.jpg\" width=\"169\" height=\"300\" \/><span class=\"rl-gallery-caption\"><span class=\"rl-gallery-item-caption\">Cambota V6 ETEC Evinrude<\/span><\/span><\/a> <\/div> <\/div> <div class=\"rl-gallery-item\" > <div class=\"rl-gallery-item-content\"> <a href=\"https:\/\/www.antoniomrguerra.com\/en\/wp-content\/uploads\/2020\/04\/IMAG1404.jpg\" title=\"\" data-rl_title=\"\" class=\"rl-gallery-link\" data-rl_caption=\"Manuten\u00e7\u00e3o Tohatsu 50 TLDI\" data-rel=\"lightbox-gallery-1\"><img src=\"https:\/\/www.antoniomrguerra.com\/en\/wp-content\/uploads\/2020\/04\/IMAG1404-300x180.jpg\" width=\"300\" height=\"180\" \/><span class=\"rl-gallery-caption\"><span class=\"rl-gallery-item-caption\">Manuten\u00e7\u00e3o Tohatsu 50 TLDI<\/span><\/span><\/a> <\/div> <\/div> <div class=\"rl-gallery-item\" > <div class=\"rl-gallery-item-content\"> <a href=\"https:\/\/www.antoniomrguerra.com\/en\/wp-content\/uploads\/2020\/04\/IMAG2048.jpg\" title=\"\" data-rl_title=\"\" class=\"rl-gallery-link\" data-rl_caption=\"Revis\u00e3o de 2 Evinrudes ETEC 250 Hp V6\" data-rel=\"lightbox-gallery-1\"><img src=\"https:\/\/www.antoniomrguerra.com\/en\/wp-content\/uploads\/2020\/04\/IMAG2048-300x180.jpg\" width=\"300\" height=\"180\" \/><span class=\"rl-gallery-caption\"><span class=\"rl-gallery-item-caption\">Revis\u00e3o de 2 Evinrudes ETEC 250 Hp V6<\/span><\/span><\/a> <\/div> <\/div> <div class=\"rl-gallery-item\" > <div class=\"rl-gallery-item-content\"> <a href=\"https:\/\/www.antoniomrguerra.com\/en\/wp-content\/uploads\/2020\/04\/dados-5.0-MPI.png\" title=\"\" data-rl_title=\"\" class=\"rl-gallery-link\" data-rl_caption=\"Parametros de calibra\u00e7\u00e3o armazenados em ECM Mercury\" data-rel=\"lightbox-gallery-1\"><img src=\"https:\/\/www.antoniomrguerra.com\/en\/wp-content\/uploads\/2020\/04\/dados-5.0-MPI-300x169.png\" width=\"300\" height=\"169\" \/><span class=\"rl-gallery-caption\"><span class=\"rl-gallery-item-caption\">Parametros de calibra\u00e7\u00e3o armazenados em ECM Mercury<\/span><\/span><\/a> <\/div> <\/div> <div class=\"rl-gallery-item\" > <div class=\"rl-gallery-item-content\"> <a href=\"https:\/\/www.antoniomrguerra.com\/en\/wp-content\/uploads\/2020\/04\/IMAG0893-1024x576.jpg\" title=\"\" data-rl_title=\"\" class=\"rl-gallery-link\" data-rl_caption=\"Evinrude ETEC 250 V6 Repara\u00e7\u00e3o\" data-rel=\"lightbox-gallery-1\"><img src=\"https:\/\/www.antoniomrguerra.com\/en\/wp-content\/uploads\/2020\/04\/IMAG0893-300x169.jpg\" width=\"300\" height=\"169\" \/><span class=\"rl-gallery-caption\"><span class=\"rl-gallery-item-caption\">Evinrude ETEC 250 V6 Repara\u00e7\u00e3o<\/span><\/span><\/a> <\/div> <\/div> <div class=\"rl-gallery-item\" > <div class=\"rl-gallery-item-content\"> <a href=\"https:\/\/www.antoniomrguerra.com\/en\/wp-content\/uploads\/2020\/04\/IMAG1960-1024x576.jpg\" title=\"\" data-rl_title=\"\" class=\"rl-gallery-link\" data-rl_caption=\"Revis\u00e3o de Motor Mercruiser 6.2\" data-rel=\"lightbox-gallery-1\"><img src=\"https:\/\/www.antoniomrguerra.com\/en\/wp-content\/uploads\/2020\/04\/IMAG1960-300x169.jpg\" width=\"300\" height=\"169\" \/><span class=\"rl-gallery-caption\"><span class=\"rl-gallery-item-caption\">Revis\u00e3o de Motor Mercruiser 6.2<\/span><\/span><\/a> <\/div> <\/div> <div class=\"rl-gallery-item\" > <div class=\"rl-gallery-item-content\"> <a href=\"https:\/\/www.antoniomrguerra.com\/en\/wp-content\/uploads\/2020\/04\/IMAG1947.jpg\" title=\"\" data-rl_title=\"\" class=\"rl-gallery-link\" data-rl_caption=\"Revis\u00e3o de motores de 2 Rescue Boats\" data-rel=\"lightbox-gallery-1\"><img src=\"https:\/\/www.antoniomrguerra.com\/en\/wp-content\/uploads\/2020\/04\/IMAG1947-300x180.jpg\" width=\"300\" height=\"180\" \/><span class=\"rl-gallery-caption\"><span class=\"rl-gallery-item-caption\">Revis\u00e3o de motores de 2 Rescue Boats<\/span><\/span><\/a> <\/div> <\/div> <div class=\"rl-gallery-item\" > <div class=\"rl-gallery-item-content\"> <a href=\"https:\/\/www.antoniomrguerra.com\/en\/wp-content\/uploads\/2020\/04\/IMAG2168-1024x576.jpg\" title=\"\" data-rl_title=\"\" class=\"rl-gallery-link\" data-rl_caption=\"Repara\u00e7\u00f5es em v\u00e1rios Motores Mercruiser em Simultaneo Gasolina e Diesel\" data-rel=\"lightbox-gallery-1\"><img src=\"https:\/\/www.antoniomrguerra.com\/en\/wp-content\/uploads\/2020\/04\/IMAG2168-300x169.jpg\" width=\"300\" height=\"169\" \/><span class=\"rl-gallery-caption\"><span class=\"rl-gallery-item-caption\">Repara\u00e7\u00f5es em v\u00e1rios Motores Mercruiser em Simultaneo Gasolina e Diesel<\/span><\/span><\/a> <\/div> <\/div> <div class=\"rl-gallery-item\" > <div class=\"rl-gallery-item-content\"> <a href=\"https:\/\/www.antoniomrguerra.com\/en\/wp-content\/uploads\/2020\/04\/DSC06625.jpg\" title=\"\" data-rl_title=\"\" class=\"rl-gallery-link\" data-rl_caption=\"Manuten\u00e7\u00e3o Mercury 50Hp\" data-rel=\"lightbox-gallery-1\"><img src=\"https:\/\/www.antoniomrguerra.com\/en\/wp-content\/uploads\/2020\/04\/DSC06625-300x225.jpg\" width=\"300\" height=\"225\" \/><span class=\"rl-gallery-caption\"><span class=\"rl-gallery-item-caption\">Manuten\u00e7\u00e3o Mercury 50Hp<\/span><\/span><\/a> <\/div> <\/div> <div class=\"rl-gallery-item\" > <div class=\"rl-gallery-item-content\"> <a href=\"https:\/\/www.antoniomrguerra.com\/en\/wp-content\/uploads\/2020\/04\/IMAG4559.jpg\" title=\"\" data-rl_title=\"\" class=\"rl-gallery-link\" data-rl_caption=\"Revis\u00e3o anual Mercury 150Hp\" data-rel=\"lightbox-gallery-1\"><img src=\"https:\/\/www.antoniomrguerra.com\/en\/wp-content\/uploads\/2020\/04\/IMAG4559-169x300.jpg\" width=\"169\" height=\"300\" \/><span class=\"rl-gallery-caption\"><span class=\"rl-gallery-item-caption\">Revis\u00e3o anual Mercury 150Hp<\/span><\/span><\/a> <\/div> <\/div> <div class=\"rl-gallery-item\" > <div class=\"rl-gallery-item-content\"> <a href=\"https:\/\/www.antoniomrguerra.com\/en\/wp-content\/uploads\/2020\/04\/IMAG1010-1024x576.jpg\" title=\"\" data-rl_title=\"\" class=\"rl-gallery-link\" data-rl_caption=\"Manuten\u00e7\u00e3o de 2 Evinrude ETEC\" data-rel=\"lightbox-gallery-1\"><img src=\"https:\/\/www.antoniomrguerra.com\/en\/wp-content\/uploads\/2020\/04\/IMAG1010-300x169.jpg\" width=\"300\" height=\"169\" \/><span class=\"rl-gallery-caption\"><span class=\"rl-gallery-item-caption\">Manuten\u00e7\u00e3o de 2 Evinrude ETEC<\/span><\/span><\/a> <\/div> <\/div> <div class=\"rl-gallery-item\" > <div class=\"rl-gallery-item-content\"> <a href=\"https:\/\/www.antoniomrguerra.com\/en\/wp-content\/uploads\/2020\/04\/IMAG3695-1024x576.jpg\" title=\"\" data-rl_title=\"\" class=\"rl-gallery-link\" data-rl_caption=\"Repara\u00e7\u00e3o 2 Volvo Penta 6 cilindros\" data-rel=\"lightbox-gallery-1\"><img src=\"https:\/\/www.antoniomrguerra.com\/en\/wp-content\/uploads\/2020\/04\/IMAG3695-300x169.jpg\" width=\"300\" height=\"169\" \/><span class=\"rl-gallery-caption\"><span class=\"rl-gallery-item-caption\">Repara\u00e7\u00e3o 2 Volvo Penta 6 cilindros<\/span><\/span><\/a> <\/div> <\/div> <div class=\"rl-gallery-item\" > <div class=\"rl-gallery-item-content\"> <a href=\"https:\/\/www.antoniomrguerra.com\/en\/wp-content\/uploads\/2020\/04\/DSC06565.jpg\" title=\"\" data-rl_title=\"\" class=\"rl-gallery-link\" data-rl_caption=\"Repara\u00e7\u00e3o Trim Honda 135Hp\" data-rel=\"lightbox-gallery-1\"><img src=\"https:\/\/www.antoniomrguerra.com\/en\/wp-content\/uploads\/2020\/04\/DSC06565-300x225.jpg\" width=\"300\" height=\"225\" \/><span class=\"rl-gallery-caption\"><span class=\"rl-gallery-item-caption\">Repara\u00e7\u00e3o Trim Honda 135Hp<\/span><\/span><\/a> <\/div> <\/div> <div class=\"rl-gallery-item\" > <div class=\"rl-gallery-item-content\"> <a href=\"https:\/\/www.antoniomrguerra.com\/en\/wp-content\/uploads\/2020\/04\/IMAG2243-1024x576.jpg\" title=\"\" data-rl_title=\"\" class=\"rl-gallery-link\" data-rl_caption=\"Repara\u00e7\u00e3o de 2 motores 5.7 com substitui\u00e7\u00e3o de blocos armados\" data-rel=\"lightbox-gallery-1\"><img src=\"https:\/\/www.antoniomrguerra.com\/en\/wp-content\/uploads\/2020\/04\/IMAG2243-300x169.jpg\" width=\"300\" height=\"169\" \/><span class=\"rl-gallery-caption\"><span class=\"rl-gallery-item-caption\">Repara\u00e7\u00e3o de 2 motores 5.7 com substitui\u00e7\u00e3o de blocos armados<\/span><\/span><\/a> <\/div> <\/div> <div class=\"rl-gallery-item\" > <div class=\"rl-gallery-item-content\"> <a href=\"https:\/\/www.antoniomrguerra.com\/en\/wp-content\/uploads\/2020\/04\/IMAG0075.jpg\" title=\"\" data-rl_title=\"\" class=\"rl-gallery-link\" data-rl_caption=\"Piston Partido de Mercruiser 3.0\" data-rel=\"lightbox-gallery-1\"><img src=\"https:\/\/www.antoniomrguerra.com\/en\/wp-content\/uploads\/2020\/04\/IMAG0075-300x180.jpg\" width=\"300\" height=\"180\" \/><span class=\"rl-gallery-caption\"><span class=\"rl-gallery-item-caption\">Piston Partido de Mercruiser 3.0<\/span><\/span><\/a> <\/div> <\/div> <div class=\"rl-gallery-item\" > <div class=\"rl-gallery-item-content\"> <a href=\"https:\/\/www.antoniomrguerra.com\/en\/wp-content\/uploads\/2020\/04\/DSC05345.jpg\" title=\"\" data-rl_title=\"\" class=\"rl-gallery-link\" data-rl_caption=\"Teste de Motor Evinrude ETEC 250 V6\" data-rel=\"lightbox-gallery-1\"><img src=\"https:\/\/www.antoniomrguerra.com\/en\/wp-content\/uploads\/2020\/04\/DSC05345-300x225.jpg\" width=\"300\" height=\"225\" \/><span class=\"rl-gallery-caption\"><span class=\"rl-gallery-item-caption\">Teste de Motor Evinrude ETEC 250 V6<\/span><\/span><\/a> <\/div> <\/div> <div class=\"rl-gallery-item\" > <div class=\"rl-gallery-item-content\"> <a href=\"https:\/\/www.antoniomrguerra.com\/en\/wp-content\/uploads\/2020\/04\/IMAG4383-1024x576.jpg\" title=\"\" data-rl_title=\"\" class=\"rl-gallery-link\" data-rl_caption=\"Manuten\u00e7\u00e3o Suzuki 250 v6\" data-rel=\"lightbox-gallery-1\"><img src=\"https:\/\/www.antoniomrguerra.com\/en\/wp-content\/uploads\/2020\/04\/IMAG4383-300x169.jpg\" width=\"300\" height=\"169\" \/><span class=\"rl-gallery-caption\"><span class=\"rl-gallery-item-caption\">Manuten\u00e7\u00e3o Suzuki 250 v6<\/span><\/span><\/a> <\/div> <\/div> <div class=\"rl-gallery-item\" > <div class=\"rl-gallery-item-content\"> <a href=\"https:\/\/www.antoniomrguerra.com\/en\/wp-content\/uploads\/2020\/04\/DSC06048.jpg\" title=\"\" data-rl_title=\"\" class=\"rl-gallery-link\" data-rl_caption=\"\" data-rel=\"lightbox-gallery-1\"><img src=\"https:\/\/www.antoniomrguerra.com\/en\/wp-content\/uploads\/2020\/04\/DSC06048-225x300.jpg\" width=\"225\" height=\"300\" \/><\/a> <\/div> <\/div> <\/div> <div class=\"rl-pagination rl-pagination-bottom\" data-button=\"manually\"><span aria-current=\"page\" class=\"page-numbers current\">1<\/span> <a class=\"page-numbers\" href=\"https:\/\/www.antoniomrguerra.com\/en\/rl_gallery\/nautica-manutencoes-reparacoes\/?rl_gallery_no=1&#038;rl_page=2\">2<\/a> <a class=\"page-numbers\" href=\"https:\/\/www.antoniomrguerra.com\/en\/rl_gallery\/nautica-manutencoes-reparacoes\/?rl_gallery_no=1&#038;rl_page=3\">3<\/a> <span class=\"page-numbers dots\">&hellip;<\/span> <a class=\"page-numbers\" href=\"https:\/\/www.antoniomrguerra.com\/en\/rl_gallery\/nautica-manutencoes-reparacoes\/?rl_gallery_no=1&#038;rl_page=6\">6<\/a> <a class=\"next page-numbers\" href=\"https:\/\/www.antoniomrguerra.com\/en\/rl_gallery\/nautica-manutencoes-reparacoes\/?rl_gallery_no=1&#038;rl_page=2\">Next &raquo;<\/a><\/div><div class=\"rl-gallery-button\"><button class=\"rl-button rl-load-more\">Load more<\/button><\/div> <\/div><\/div>\n<\/div>\n<\/div><\/div>\n","protected":false},"excerpt":{"rendered":"","protected":false},"author":1,"featured_media":0,"parent":0,"menu_order":0,"comment_status":"closed","ping_status":"closed","template":"","meta":{"sfsi_plus_gutenberg_text_before_share":"","sfsi_plus_gutenberg_show_text_before_share":"","sfsi_plus_gutenberg_icon_type":"","sfsi_plus_gutenberg_icon_alignemt":"","sfsi_plus_gutenburg_max_per_row":"","_themeisle_gutenberg_block_has_review":false},"_links":{"self":[{"href":"https:\/\/www.antoniomrguerra.com\/en\/wp-json\/wp\/v2\/pages\/3097"}],"collection":[{"href":"https:\/\/www.antoniomrguerra.com\/en\/wp-json\/wp\/v2\/pages"}],"about":[{"href":"https:\/\/www.antoniomrguerra.com\/en\/wp-json\/wp\/v2\/types\/page"}],"author":[{"embeddable":true,"href":"https:\/\/www.antoniomrguerra.com\/en\/wp-json\/wp\/v2\/users\/1"}],"replies":[{"embeddable":true,"href":"https:\/\/www.antoniomrguerra.com\/en\/wp-json\/wp\/v2\/comments?post=3097"}],"version-history":[{"count":4,"href":"https:\/\/www.antoniomrguerra.com\/en\/wp-json\/wp\/v2\/pages\/3097\/revisions"}],"predecessor-version":[{"id":3532,"href":"https:\/\/www.antoniomrguerra.com\/en\/wp-json\/wp\/v2\/pages\/3097\/revisions\/3532"}],"wp:attachment":[{"href":"https:\/\/www.antoniomrguerra.com\/en\/wp-json\/wp\/v2\/media?parent=3097"}],"curies":[{"name":"wp","href":"https:\/\/api.w.org\/{rel}","templated":true}]}}