{"id":1226,"date":"2020-03-28T17:32:12","date_gmt":"2020-03-28T17:32:12","guid":{"rendered":"http:\/\/localhost\/meusite\/?page_id=1226"},"modified":"2020-04-13T13:20:21","modified_gmt":"2020-04-13T13:20:21","slug":"informacao-ao-consumidor","status":"publish","type":"page","link":"https:\/\/www.antoniomrguerra.com\/pt\/informacao-ao-consumidor\/","title":{"rendered":"Informa\u00e7\u00e3o ao Consumidor"},"content":{"rendered":"\n<p id=\"wp-block-themeisle-blocks-advanced-heading-34a212b7\" class=\"wp-block-themeisle-blocks-advanced-heading wp-block-themeisle-blocks-advanced-heading-34a212b7 ticss-e7993c4a\">Este website foi desenvolvido e \u00e9 propriedade  de <a href=\"http:\/\/www.facebook.com\/antonio.guerra.3958914\" target=\"_blank\" rel=\"noreferrer noopener\"> Ant\u00f3nio M.R. Guerra<\/a>.<br>O Utilizador ao aceder a este website toma conhecimento e aceita sem reservas as seguintes condi\u00e7\u00f5es de acesso e de utiliza\u00e7\u00e3o:<br> &nbsp;<br>1 &#8211; Todos os conte\u00fados dispon\u00edveis neste website foram desenvolvidos por <a href=\"http:\/\/www.facebook.com\/antonio.guerra.3958914\" target=\"_blank\" rel=\"noreferrer noopener\">Ant\u00f3nio M.R. Guerra<\/a> <br><br>2 &#8211; Todos os dados contidos neste website s\u00e3o de natureza estritamente informativa.<br><br>3 &#8211; Toda informa\u00e7\u00e3o e conte\u00fados disponibilizados neste website, incluindo imagens, textos e informa\u00e7\u00f5es do website ou qualquer documento aqui constante, s\u00e3o da propriedade intelectual de <a href=\"http:\/\/www.facebook.com\/antonio.guerra.3958914\" target=\"_blank\" rel=\"noreferrer noopener\"> Ant\u00f3nio M.R. Guerra<\/a> ou de terceiros que autorizaram a sua inclus\u00e3o.<br><br>4 &#8211; Ao aceder a websites atrav\u00e9s de links fornecidos por <a href=\"http:\/\/www.facebook.com\/antonio.guerra.3958914\" target=\"_blank\" rel=\"noreferrer noopener\"> Ant\u00f3nio M.R. Guerra<\/a>, o Utilizador aceita que <a href=\"http:\/\/www.facebook.com\/antonio.guerra.3958914\" target=\"_blank\" rel=\"noreferrer noopener\"> Ant\u00f3nio M.R. Guerra<\/a> n\u00e3o t\u00eam qualquer tipo de controlo sobre os conte\u00fados  desses websites, como tal, <a href=\"http:\/\/www.facebook.com\/antonio.guerra.3958914\" target=\"_blank\" rel=\"noreferrer noopener\"> Ant\u00f3nio M.R. Guerra<\/a> n\u00e3o pode ser responsabilizado por quaisquer consequ\u00eancias resultantes do acesso aos mesmos, seja a que  t\u00edtulo for.<br><br>5 &#8211; O conte\u00fado e a informa\u00e7\u00e3o disponibilizada neste website pode, ser alterado sem aviso pr\u00e9vio.<br><br>6 &#8211; Qualquer valor monet\u00e1rio descrito para qualquer equipamento ou servi\u00e7o neste website pode ser alterado sem aviso pr\u00e9vio e ser\u00e1 sempre objeto de adi\u00e7\u00e3o de Taxa de Iva legal em vigor.<br><br>7 &#8211; Em caso de lit\u00edgio o consumidor pode recorrer \u00e1 seguinte Entidade de <a href=\"https:\/\/www.antoniomrguerra.com\/pt\/aviso\/ral\/index.htm\" target=\"_blank\" rel=\"noreferrer noopener\">Resolu\u00e7\u00e3o Alternativa Lit\u00edgios ao consumo<\/a>, mais informa\u00e7\u00e3o sobre esta entidade reguladora por ser consultada a abaixo.<\/p>\n\n\n\n<p class=\"has-normal-font-size\"><\/p>\n\n\n\n<div class=\"wp-block-themeisle-blocks-advanced-columns has-1-columns has-desktop-equal-layout has-tablet-equal-layout has-mobile-equal-layout has-default-gap has-vertical-flex-start\" id=\"wp-block-themeisle-blocks-advanced-columns-64d192fb\"><div class=\"wp-block-themeisle-blocks-advanced-columns-overlay\"><\/div><div class=\"innerblocks-wrap\">\n<div class=\"wp-block-themeisle-blocks-advanced-column\" id=\"wp-block-themeisle-blocks-advanced-column-8a953c69\">\n<div class=\"wp-block-media-text alignwide is-vertically-aligned-center\" style=\"grid-template-columns:19% auto\"><figure class=\"wp-block-media-text__media\"><img loading=\"lazy\" decoding=\"async\" width=\"90\" height=\"218\" src=\"http:\/\/www.antoniomrguerra.com\/wp-content\/uploads\/2020\/03\/logo_ral.jpg\" alt=\"\" class=\"wp-image-1227\"\/><\/figure><div class=\"wp-block-media-text__content\">\n<p><p class=\" \"><strong>Centro de Arbitragem de Conflitos de Consumo  de Lisboa<\/strong><\/p><\/p>\n\n\n\n<p class=\"has-small-font-size\">Rua dos Douradores, 116, 2\u00ba &#8211; 1100-207 LISBOA&nbsp;<br>Tel: +351 218 807 030<br>Fax: +351 218 807 038<\/p>\n\n\n\n<p class=\"has-small-font-size\">E-mail: <a href=\"mailto:juridico@centroarbitragemlisboa.pt\"> juridico@centroarbitragemlisboa.pt<\/a> \/ <a href=\"mailto:director@centroarbitragemlisboa.pt\"> director@centroarbitragemlisboa.pt<\/a><\/p>\n\n\n\n<p class=\"has-small-font-size\">Web: <a href=\"http:\/\/www.centroarbitragemlisboa.pt\/\"> www.centroarbitragemlisboa.pt<\/a><\/p>\n\n\n\n<p class=\"has-small-font-size\">Mais informa\u00e7\u00f5es em Portal do Consumidor <a href=\"http:\/\/www.consumidor.pt\/\">www.consumidor.pt<\/a><\/p>\n\n\n\n<p class=\"has-small-font-size\">Ao abrigo do Artigo 18\u00ba da Lei n.\u00ba  144\/2015, de 8 de Setembro<\/p>\n<\/div><\/div>\n<\/div>\n<\/div><\/div>\n\n\n\n<p id=\"wp-block-themeisle-blocks-advanced-heading-36066863\" class=\"wp-block-themeisle-blocks-advanced-heading wp-block-themeisle-blocks-advanced-heading-36066863\">Ant\u00f3nio MR Guerra&nbsp; |&nbsp; R. da Industria 481-F |&nbsp; 2840-182  SEIXAL&nbsp; |&nbsp; PORTUGAL<\/p>\n","protected":false},"excerpt":{"rendered":"","protected":false},"author":1,"featured_media":0,"parent":0,"menu_order":0,"comment_status":"closed","ping_status":"closed","template":"","meta":{"sfsi_plus_gutenberg_text_before_share":"","sfsi_plus_gutenberg_show_text_before_share":"","sfsi_plus_gutenberg_icon_type":"","sfsi_plus_gutenberg_icon_alignemt":"","sfsi_plus_gutenburg_max_per_row":"","neve_meta_sidebar":"full-width","neve_meta_container":"","neve_meta_enable_content_width":"on","neve_meta_content_width":100,"neve_meta_title_alignment":"","neve_meta_author_avatar":"","neve_post_elements_order":"","neve_meta_disable_header":"on","neve_meta_disable_footer":"","neve_meta_disable_title":"","_themeisle_gutenberg_block_has_review":false,"footnotes":""},"class_list":["post-1226","page","type-page","status-publish","hentry"],"_links":{"self":[{"href":"https:\/\/www.antoniomrguerra.com\/pt\/wp-json\/wp\/v2\/pages\/1226","targetHints":{"allow":["GET"]}}],"collection":[{"href":"https:\/\/www.antoniomrguerra.com\/pt\/wp-json\/wp\/v2\/pages"}],"about":[{"href":"https:\/\/www.antoniomrguerra.com\/pt\/wp-json\/wp\/v2\/types\/page"}],"author":[{"embeddable":true,"href":"https:\/\/www.antoniomrguerra.com\/pt\/wp-json\/wp\/v2\/users\/1"}],"replies":[{"embeddable":true,"href":"https:\/\/www.antoniomrguerra.com\/pt\/wp-json\/wp\/v2\/comments?post=1226"}],"version-history":[{"count":28,"href":"https:\/\/www.antoniomrguerra.com\/pt\/wp-json\/wp\/v2\/pages\/1226\/revisions"}],"predecessor-version":[{"id":3156,"href":"https:\/\/www.antoniomrguerra.com\/pt\/wp-json\/wp\/v2\/pages\/1226\/revisions\/3156"}],"wp:attachment":[{"href":"https:\/\/www.antoniomrguerra.com\/pt\/wp-json\/wp\/v2\/media?parent=1226"}],"curies":[{"name":"wp","href":"https:\/\/api.w.org\/{rel}","templated":true}]}}