{"id":17,"date":"2020-03-24T12:51:55","date_gmt":"2020-03-24T12:51:55","guid":{"rendered":"http:\/\/localhost\/meusite\/?page_id=17"},"modified":"2024-04-02T14:58:56","modified_gmt":"2024-04-02T14:58:56","slug":"sobre-nos","status":"publish","type":"page","link":"https:\/\/www.antoniomrguerra.com\/pt\/sobre-nos\/","title":{"rendered":"Sobre N\u00f3s"},"content":{"rendered":"\n<p>Porque ainda n\u00e3o teve a oportunidade de conhecer que<strong> Ant\u00f3nio M. R. Guerra <\/strong>poder\u00e1 estar neste momento a pensar que se trata de mais uma jovem empresa entre tantas outras.<\/p>\n\n\n\n<div class=\"wp-block-themeisle-blocks-advanced-columns has-2-columns has-desktop-oneTwo-layout has-tablet-equal-layout has-mobile-collapsedRows-layout has-default-gap has-vertical-center\" id=\"wp-block-themeisle-blocks-advanced-columns-11b25232\"><div class=\"wp-block-themeisle-blocks-advanced-columns-overlay\"><\/div><div class=\"innerblocks-wrap\">\n<div class=\"wp-block-themeisle-blocks-advanced-column animated bounceInUp\" id=\"wp-block-themeisle-blocks-advanced-column-fa36b822\"><div class=\"wp-block-image is-style-\">\n<figure class=\"aligncenter size-full\"><img loading=\"lazy\" decoding=\"async\" width=\"140\" height=\"119\" src=\"https:\/\/www.antoniomrguerra.com\/pt\/wp-content\/uploads\/2024\/01\/peomc-1.png\" alt=\"\" class=\"wp-image-3926\"\/><\/figure>\n<\/div><\/div>\n\n\n\n<div class=\"wp-block-themeisle-blocks-advanced-column ticss-02ba5361\" id=\"wp-block-themeisle-blocks-advanced-column-c9e6f97b\">\n<p>Mas n\u00e3o, na verdade <strong>Ant\u00f3nio M. R. Guerra <\/strong>\u00e9 uma micro empresa com mais de <a href=\"http:\/\/www.antoniomrguerra.com\/historia\/\" target=\"_blank\" rel=\"noreferrer noopener\"> 41 anos de hist\u00f3ria e experi\u00eancia<\/a>&nbsp;no ramo n\u00e1utico de recreio e profissional do mercado Nacional, detendo por este motivo um vast\u00edssimo conhecimento profundo sobre a \u00e1rea que coloca ao seu dispor e servi\u00e7o.<br><br>Instalados no mercado desde 1988, exercendo a actividade  a tempo inteiro e durante os 365 dias do ano, temos o prazer e o orgulho de ao longo destes anos termos feito passar credibilidade e confian\u00e7a a quem nos tem visitado originando esta conduta a elei\u00e7\u00e3o dos nossos servi\u00e7os preferencialmente.<\/p>\n<\/div>\n<\/div><\/div>\n\n\n\n<div class=\"wp-block-themeisle-blocks-advanced-columns has-2-columns has-desktop-equal-layout has-tablet-equal-layout has-mobile-collapsedRows-layout has-default-gap has-vertical-center animated slideInUp ticss-26a785cb\" id=\"wp-block-themeisle-blocks-advanced-columns-cbf30402\"><div class=\"wp-block-themeisle-blocks-advanced-columns-overlay\"><\/div><div class=\"innerblocks-wrap\">\n<div class=\"wp-block-themeisle-blocks-advanced-column\" id=\"wp-block-themeisle-blocks-advanced-column-71d91f87\"><div class=\"wp-block-image animated flipInX\">\n<figure class=\"aligncenter size-large\"><a href=\"https:\/\/www.antoniomrguerra.com\/pt\/wp-content\/uploads\/2020\/03\/pass.jpg\" data-rel=\"lightbox-image-0\" data-rl_title=\"\" data-rl_caption=\"\" title=\"\"><img decoding=\"async\" src=\"https:\/\/www.antoniomrguerra.com\/pt\/wp-content\/uploads\/2020\/03\/pass-249x300.jpg\" alt=\"pass\"\/><\/a><figcaption class=\"wp-element-caption\"><em><strong><span class=\"has-inline-color\" style=\"color:#ed1010\">Passport T\u00e9cnico<\/span><\/strong><\/em><\/figcaption><\/figure>\n<\/div>\n\n<div class=\"wp-block-image is-resized animated flipInY\">\n<figure class=\"aligncenter size-full\"><a href=\"https:\/\/www.antoniomrguerra.com\/pt\/wp-content\/uploads\/2024\/04\/premierpt.jpg\" data-rel=\"lightbox-image-1\" data-rl_title=\"\" data-rl_caption=\"\" title=\"\"><img loading=\"lazy\" decoding=\"async\" width=\"400\" height=\"557\" src=\"https:\/\/www.antoniomrguerra.com\/pt\/wp-content\/uploads\/2024\/04\/premierpt.jpg\" alt=\"\" class=\"wp-image-3935\" srcset=\"https:\/\/www.antoniomrguerra.com\/pt\/wp-content\/uploads\/2024\/04\/premierpt.jpg 400w, https:\/\/www.antoniomrguerra.com\/pt\/wp-content\/uploads\/2024\/04\/premierpt-215x300.jpg 215w\" sizes=\"auto, (max-width: 400px) 100vw, 400px\" \/><\/a><figcaption class=\"wp-element-caption\"><strong><em><span class=\"has-inline-color\" style=\"color:#ed1010\">&#8220;Servi\u00e7o de Assist\u00eancia T\u00e9cnica Premier<\/span><\/em><\/strong><\/figcaption><\/figure>\n<\/div><\/div>\n\n\n\n<div class=\"wp-block-themeisle-blocks-advanced-column\" id=\"wp-block-themeisle-blocks-advanced-column-b72ed484\">\n<p class=\"animated flipInY has-white-background-color has-background\"><span style=\"background-color:rgba(0, 0, 0, 0)\" class=\"has-inline-color has-black-color\">O nosso projecto de desenvolvimento e servi\u00e7os fundamenta-se \u00fanica e exclusivamente nas pr\u00e1ticas de uma boa qualidade de servi\u00e7o, transpar\u00eancia e seriedade, pois estamos certos de que esta tomada de posi\u00e7\u00e3o \u00e9 condi\u00e7\u00e3o essencial para se atingirem novas metas futuras. Mais confian\u00e7a, mais credibilidade, transpar\u00eancia e melhor qualidade nos servi\u00e7os s\u00e3o os benef\u00edcios que da escolha desta conduta temos vindo a colher.<\/span><\/p>\n\n\n\n<p class=\"animated fadeInLeft has-white-background-color has-background\"><span style=\"background-color:rgba(0, 0, 0, 0)\" class=\"has-inline-color has-black-color\">O nosso m\u00e9todo de trabalho centraliza-se \u00fanica e exclusivamente na boa qualidade da assist\u00eancia t\u00e9cnica programada com vista a minimizar ao m\u00e1ximo as suas as <\/span><a href=\"http:\/\/www.antoniomrguerra.com\/topicos-seguranca-nautica\/\" target=\"_blank\" rel=\"noreferrer noopener\">m\u00e1s experi\u00eancias no mar<\/a><span style=\"background-color:rgba(0, 0, 0, 0)\" class=\"has-inline-color has-black-color\">. <\/span><\/p>\n\n\n\n<p class=\"animated fadeInLeft has-white-background-color has-background\">Com o avan\u00e7o das tecnologias n\u00f3s temos a necessidade de estarmos na linha da frente em processo de atualiza\u00e7\u00e3o por isso frequentamos todos os cursos  de a\u00e7\u00e3o de forma\u00e7\u00e3o para os quais somos convidados detendo por isso um vasto leque de <a rel=\"noreferrer noopener\" href=\"https:\/\/www.antoniomrguerra.com\/pt\/diplomas-formacao\/\" data-type=\"page\" data-id=\"3697\" target=\"_blank\">certificados de forma\u00e7\u00e3o<\/a>.<\/p>\n\n\n\n<p class=\"animated lightSpeedIn has-white-background-color has-background\"><span style=\"background-color:rgba(0, 0, 0, 0)\" class=\"has-inline-color has-black-color\">Assim e seguindo os nossos crit\u00e9rios de avalia\u00e7\u00e3o aqueles componentes do seu motor que aparentam estar em boas condi\u00e7\u00f5es de funcionamento s\u00e3o por n\u00f3s analisados da forma profissional que o fabricante do equipamento estipula.<br>Ant\u00f3nio M. R. Guerra \u00e9 concession\u00e1rio Oficial para os produtos da <\/span><a href=\"http:\/\/www.brunswick.com\/\" data-type=\"URL\" data-id=\"http:\/\/www.brunswick.com\/\" target=\"_blank\" rel=\"noreferrer noopener\">BRUNSWICKMARINE EMEA<\/a><span style=\"background-color:rgba(0, 0, 0, 0)\" class=\"has-inline-color has-black-color\"> com <strong><em>&#8220;<a href=\"http:\/\/antoniomrguerra.com\/pt\/wp-content\/uploads\/2020\/04\/premier-pt.png\" data-rel=\"lightbox-image-2\" data-rl_title=\"\" data-rl_caption=\"\" title=\"\">servi\u00e7o de assist\u00eancia t\u00e9cnica premier<\/a>&#8220;<\/em><\/strong> e com <\/span><a href=\"http:\/\/www.antoniomrguerra.com\/wp-content\/uploads\/2020\/03\/pass.jpg\" target=\"_blank\" rel=\"noreferrer noopener\" data-rel=\"lightbox-image-3\" data-rl_title=\"\" data-rl_caption=\"\" title=\"\">Passaport<\/a><span style=\"background-color:rgba(0, 0, 0, 0)\" class=\"has-inline-color has-black-color\"> t\u00e9cnico v\u00e1lido emitido pela <\/span><a href=\"http:\/\/www.touron-nautica.com\/\" target=\"_blank\" rel=\"noreferrer noopener\">Touron SA<\/a><span style=\"background-color:rgba(0, 0, 0, 0)\" class=\"has-inline-color has-black-color\">.<\/span><\/p>\n<\/div>\n<\/div><\/div>\n","protected":false},"excerpt":{"rendered":"<p>Porque ainda n\u00e3o teve a oportunidade de conhecer que Ant\u00f3nio M. R. Guerra poder\u00e1 estar neste momento a pensar que se trata de mais uma jovem empresa entre tantas outras.<\/p>\n","protected":false},"author":1,"featured_media":0,"parent":0,"menu_order":0,"comment_status":"closed","ping_status":"closed","template":"","meta":{"sfsi_plus_gutenberg_text_before_share":"","sfsi_plus_gutenberg_show_text_before_share":"","sfsi_plus_gutenberg_icon_type":"","sfsi_plus_gutenberg_icon_alignemt":"","sfsi_plus_gutenburg_max_per_row":"","neve_meta_sidebar":"","neve_meta_container":"","neve_meta_enable_content_width":"on","neve_meta_content_width":100,"neve_meta_title_alignment":"","neve_meta_author_avatar":"","neve_post_elements_order":"","neve_meta_disable_header":"","neve_meta_disable_footer":"","neve_meta_disable_title":"","_themeisle_gutenberg_block_has_review":false,"footnotes":""},"class_list":["post-17","page","type-page","status-publish","hentry"],"_links":{"self":[{"href":"https:\/\/www.antoniomrguerra.com\/pt\/wp-json\/wp\/v2\/pages\/17","targetHints":{"allow":["GET"]}}],"collection":[{"href":"https:\/\/www.antoniomrguerra.com\/pt\/wp-json\/wp\/v2\/pages"}],"about":[{"href":"https:\/\/www.antoniomrguerra.com\/pt\/wp-json\/wp\/v2\/types\/page"}],"author":[{"embeddable":true,"href":"https:\/\/www.antoniomrguerra.com\/pt\/wp-json\/wp\/v2\/users\/1"}],"replies":[{"embeddable":true,"href":"https:\/\/www.antoniomrguerra.com\/pt\/wp-json\/wp\/v2\/comments?post=17"}],"version-history":[{"count":167,"href":"https:\/\/www.antoniomrguerra.com\/pt\/wp-json\/wp\/v2\/pages\/17\/revisions"}],"predecessor-version":[{"id":3936,"href":"https:\/\/www.antoniomrguerra.com\/pt\/wp-json\/wp\/v2\/pages\/17\/revisions\/3936"}],"wp:attachment":[{"href":"https:\/\/www.antoniomrguerra.com\/pt\/wp-json\/wp\/v2\/media?parent=17"}],"curies":[{"name":"wp","href":"https:\/\/api.w.org\/{rel}","templated":true}]}}