{"id":18,"date":"2020-03-24T12:51:55","date_gmt":"2020-03-24T12:51:55","guid":{"rendered":"http:\/\/localhost\/meusite\/?page_id=18"},"modified":"2026-01-07T21:17:15","modified_gmt":"2026-01-07T21:17:15","slug":"servicos","status":"publish","type":"page","link":"https:\/\/www.antoniomrguerra.com\/pt\/servicos\/","title":{"rendered":"Servi\u00e7os"},"content":{"rendered":"\n<p id=\"wp-block-themeisle-blocks-advanced-heading-48bebb5f\" class=\"wp-block-themeisle-blocks-advanced-heading wp-block-themeisle-blocks-advanced-heading-48bebb5f\">Especialmente para si que pretende sentir seguran\u00e7a e confian\u00e7a no seu equipamento de lazer aqui poder\u00e1 consultar as nossas op\u00e7\u00f5es aos servi\u00e7os que temos ao seu dispor nas \u00e1reas especificas da <strong>NAUTICA<\/strong> e <strong>VACUO<\/strong>.<br>Efetuamos as manuten\u00e7\u00f5es e repara\u00e7\u00f5es mec\u00e2nicas do seu equipamento, as pinturas antivegetativas da sua embarca\u00e7\u00e3o, o transporte terrestre e a armazenagem em armaz\u00e9m fechado, se <strong>procura pe\u00e7as<\/strong> para o seu motor, <a href=\"http:\/\/www.antoniomrguerra.com\/pecas\/\">consulte aqui os cat\u00e1logos de pe\u00e7as<\/a> e submeta-nos o seu pedido de or\u00e7amento.<\/p>\n\n\n\n<h1 id=\"wp-block-themeisle-blocks-advanced-heading-02d56439\" class=\"wp-block-themeisle-blocks-advanced-heading wp-block-themeisle-blocks-advanced-heading-02d56439\">M\u00eacanica | Manuten\u00e7\u00e3o | Repara\u00e7\u00e3o<\/h1>\n\n\n\n<hr class=\"wp-block-separator has-css-opacity\"\/>\n\n\n\n<div class=\"wp-block-themeisle-blocks-advanced-columns alignwide has-2-columns has-desktop-twoOne-layout has-tablet-equal-layout has-mobile-collapsedRows-layout has-default-gap has-vertical-center\" id=\"wp-block-themeisle-blocks-advanced-columns-2debd263\"><div class=\"wp-block-themeisle-blocks-advanced-columns-overlay\"><\/div><div class=\"innerblocks-wrap\">\n<div class=\"wp-block-themeisle-blocks-advanced-column\" id=\"wp-block-themeisle-blocks-advanced-column-3fb5709c\">\n<p class=\"has-black-color has-text-color\">Prestamos assist\u00eancia t\u00e9cnica de qualidade superior e de forma impar em virtude do vasto conhecimento b\u00e1sico e avan\u00e7ado que nos colocou num patamar bastante elevado no universo da manuten\u00e7\u00e3o de motores mar\u00edtimos, condi\u00e7\u00e3o que regula e assegura a durabilidade e fiabilidade do seu equipamento ao longo dos anos.<\/p>\n\n\n\n<p class=\"has-black-color has-text-color\">Em virtude da vasta e longa experi\u00eancia adquirida, da t\u00e9cnica que utilizamos, dos meios e recursos que dispomos ao seu servi\u00e7o e do conhecimento que detemos, garantimos de que s\u00f3 uma manuten\u00e7\u00e3o entendida, interessada, programada organizada e principalmente respons\u00e1vel pode fazer com que a surpresa n\u00e3o tenha lugar.<\/p>\n\n\n\n<p class=\"has-black-color has-text-color\">Confie-nos o seu equipamento, a verdadeira manuten\u00e7\u00e3o ou repara\u00e7\u00e3o em motores mar\u00edtimos encontra-se num patamar bastante mais elevado que s\u00f3 pode ser desempenhado na perfei\u00e7\u00e3o por quem det\u00e9m o conhecimento, a experi\u00eancia, os meios, as t\u00e9cnicas e principalmente o gosto pela profiss\u00e3o, verifique a nossa meramente informativa Lista de pre\u00e7os.<\/p>\n\n\n\n<p class=\"has-black-color has-text-color\">Efectuamos repara\u00e7\u00f5es e manuten\u00e7\u00f5es nos motores Outboards das seguintes marcas: <strong>Mariner<\/strong>,<strong> Mercury<\/strong>, <strong>Selva Marine<\/strong>, <strong>Tohatsu<\/strong>, <strong>Honda<\/strong>, <strong>Suzuki<\/strong>, <strong>Yamaha<\/strong>, <strong>Johnson<\/strong> e <strong>Evinrude<\/strong> e nos Inboards : <strong>Mercruiser<\/strong>, <strong>Volvo Penta<\/strong>, <strong>Omc<\/strong>, <strong>Pleasurecraft Marine<\/strong><\/p>\n\n\n\n<p class=\"has-black-color has-text-color\">Reparamos tamb\u00e9m todo o tipo de motores de combust\u00e3o nomeadamente corta-relva, gerador, motobomba, motoenxada e motoserra.<\/p>\n<\/div>\n\n\n\n<div class=\"wp-block-themeisle-blocks-advanced-column\" id=\"wp-block-themeisle-blocks-advanced-column-846ba418\"><div class=\"wp-block-image\">\n<figure class=\"aligncenter size-large\"><img decoding=\"async\" src=\"http:\/\/www.antoniomrguerra.com\/wp-content\/uploads\/2020\/03\/1-2.png\" alt=\"\"\/><\/figure>\n<\/div>\n\n<div class=\"wp-block-image\">\n<figure class=\"aligncenter size-large\"><img decoding=\"async\" src=\"http:\/\/www.antoniomrguerra.com\/wp-content\/uploads\/2020\/03\/3.png\" alt=\"\"\/><figcaption class=\"wp-element-caption\">Solicitar mais informa\u00e7\u00e3o<\/figcaption><\/figure>\n<\/div>\n\n\n<div class=\"wp-block-buttons is-content-justification-center is-layout-flex wp-container-core-buttons-is-layout-16018d1d wp-block-buttons-is-layout-flex\">\n<div class=\"wp-block-button\"><a class=\"wp-block-button__link has-nv-site-bg-color has-nv-c-1-background-color has-text-color has-background has-link-color wp-element-button\" href=\"https:\/\/www.antoniomrguerra.com\/pt\/mecanica-manutencao-formulario-contato\/\" style=\"border-radius:13px\" target=\"_blank\" rel=\"noreferrer noopener\">Mensagem<\/a><\/div>\n\n\n\n<div class=\"wp-block-button\"><a class=\"wp-block-button__link has-nv-site-bg-color has-nv-c-1-background-color has-text-color has-background has-link-color wp-element-button\" href=\"http:\/\/www.antoniomrguerra.com\/flate-rate-precos-manutencao\/\" style=\"border-radius:13px\">Lista Pre\u00e7os<\/a><\/div>\n<\/div>\n<\/div>\n<\/div><\/div>\n\n\n\n<h1 id=\"wp-block-themeisle-blocks-advanced-heading-02d56439\" class=\"wp-block-themeisle-blocks-advanced-heading wp-block-themeisle-blocks-advanced-heading-02d56439\">Pinturas Antivegetativas<\/h1>\n\n\n\n<div class=\"wp-block-themeisle-blocks-advanced-columns has-2-columns has-desktop-twoOne-layout has-tablet-equal-layout has-mobile-collapsedRows-layout has-default-gap has-vertical-center\" id=\"wp-block-themeisle-blocks-advanced-columns-cc687e72\"><div class=\"wp-block-themeisle-blocks-advanced-columns-overlay\"><\/div><div class=\"innerblocks-wrap\">\n<div class=\"wp-block-themeisle-blocks-advanced-column\" id=\"wp-block-themeisle-blocks-advanced-column-fed012a2\">\n<p class=\"has-black-color has-text-color\">Porque as pinturas antivegetativas t\u00eam como principal finalidade a de proteger adequadamente a sua embarca\u00e7\u00e3o contra as incrusta\u00e7\u00f5es marinhas que retiram rendimento e reduzem a performance, n\u00e3o significa que n\u00e3o exista uma t\u00e9cnica para a sua aplica\u00e7\u00e3o, para al\u00e9m do mais a qualidade do produto a aplicar \u00e9 fundamental pois embora n\u00e3o queiramos acreditar mas no nosso mercado existem alguns produtos para diversos fins e com diversas qualidades que proporcionam resultados mais ou menos bons, de uma forma geral aqui o principio de produto mais dispendioso est\u00e1 diretamente relacionado com um produto de boa qualidade, por esta simples raz\u00e3o n\u00e3o publicamos valores pr\u00e9-determinados para pinturas anti vegetativas do tipo (X metros \/ X euros) , n\u00e3o nos parece correto.<\/p>\n\n\n\n<p class=\"has-black-color has-text-color\">Fa\u00e7a nos chegar a sua mensagem, para que fique com a certeza do que \u00e9 que no final isso representa em termos monet\u00e1rios face as necessidades para a aplica\u00e7\u00e3o de um produto previamente determinado, diga-nos qual o comprimento, a boca, material do casco, tipo de utiliza\u00e7\u00e3o e se \u00e9 pintura inicial ou de reposi\u00e7\u00e3o, conte tamb\u00e9m com a unidade propulsora se for caso disso<\/p>\n\n\n\n<p class=\"has-black-color has-text-color\">Os produtos que aplicamos preferencialmente s\u00e3o da <a href=\"http:\/\/www.yachtpaint.com\/\" target=\"_blank\" rel=\"noreferrer noopener\"><strong>INTERNATIONAL PAINTS<\/strong><\/a>.<\/p>\n<\/div>\n\n\n\n<div class=\"wp-block-themeisle-blocks-advanced-column\" id=\"wp-block-themeisle-blocks-advanced-column-9c36fe77\"><div class=\"wp-block-image\">\n<figure class=\"aligncenter size-large\"><img loading=\"lazy\" decoding=\"async\" width=\"1024\" height=\"576\" src=\"https:\/\/www.antoniomrguerra.com\/pt\/wp-content\/uploads\/2020\/04\/IMAG0733-1024x576.jpg\" alt=\"\" class=\"wp-image-2785\" srcset=\"https:\/\/www.antoniomrguerra.com\/pt\/wp-content\/uploads\/2020\/04\/IMAG0733-1024x576.jpg 1024w, https:\/\/www.antoniomrguerra.com\/pt\/wp-content\/uploads\/2020\/04\/IMAG0733-300x169.jpg 300w, https:\/\/www.antoniomrguerra.com\/pt\/wp-content\/uploads\/2020\/04\/IMAG0733-768x432.jpg 768w, https:\/\/www.antoniomrguerra.com\/pt\/wp-content\/uploads\/2020\/04\/IMAG0733.jpg 1080w\" sizes=\"auto, (max-width: 1024px) 100vw, 1024px\" \/><\/figure>\n<\/div>\n\n<div class=\"wp-block-image\">\n<figure class=\"aligncenter size-full\"><img loading=\"lazy\" decoding=\"async\" width=\"778\" height=\"583\" src=\"https:\/\/www.antoniomrguerra.com\/pt\/wp-content\/uploads\/2020\/04\/DSC07240.jpg\" alt=\"\" class=\"wp-image-2777\" srcset=\"https:\/\/www.antoniomrguerra.com\/pt\/wp-content\/uploads\/2020\/04\/DSC07240.jpg 778w, https:\/\/www.antoniomrguerra.com\/pt\/wp-content\/uploads\/2020\/04\/DSC07240-300x225.jpg 300w, https:\/\/www.antoniomrguerra.com\/pt\/wp-content\/uploads\/2020\/04\/DSC07240-768x576.jpg 768w\" sizes=\"auto, (max-width: 778px) 100vw, 778px\" \/><figcaption class=\"wp-element-caption\">Solicitar mais informa\u00e7\u00e3o<\/figcaption><\/figure>\n<\/div>\n\n\n<div class=\"wp-block-buttons is-content-justification-center is-layout-flex wp-container-core-buttons-is-layout-16018d1d wp-block-buttons-is-layout-flex\">\n<div class=\"wp-block-button\"><a class=\"wp-block-button__link has-nv-site-bg-color has-nv-c-1-background-color has-text-color has-background has-link-color wp-element-button\" href=\"https:\/\/www.antoniomrguerra.com\/pt\/pinturas-anti-vegetativas-formulario-contato\/\" style=\"border-radius:13px\" target=\"_blank\" rel=\"noreferrer noopener\">Mensagem<\/a><\/div>\n<\/div>\n<\/div>\n<\/div><\/div>\n\n\n\n<h1 id=\"wp-block-themeisle-blocks-advanced-heading-02d56439\" class=\"wp-block-themeisle-blocks-advanced-heading wp-block-themeisle-blocks-advanced-heading-02d56439\">Transportes Terrestres<\/h1>\n\n\n\n<div class=\"wp-block-themeisle-blocks-advanced-columns alignwide has-2-columns has-desktop-twoOne-layout has-tablet-equal-layout has-mobile-collapsedRows-layout has-default-gap has-vertical-center\" id=\"wp-block-themeisle-blocks-advanced-columns-6539f92d\"><div class=\"wp-block-themeisle-blocks-advanced-columns-overlay\"><\/div><div class=\"innerblocks-wrap\">\n<div class=\"wp-block-themeisle-blocks-advanced-column\" id=\"wp-block-themeisle-blocks-advanced-column-fba8f433\">\n<p class=\"has-black-color has-text-color\">Efetuamos o transporte da sua embarca\u00e7\u00e3o com e sem atrelado de e para qualquer parte do pa\u00eds por via terrestre com a coloca\u00e7\u00e3o da sua embarca\u00e7\u00e3o na \u00e1gua ou a sua retirada por valores justos.<\/p>\n\n\n\n<p class=\"has-black-color has-text-color\">Para que n\u00e3o fique sem saber quanto poder\u00e1 importar um determinado servi\u00e7o prestado por n\u00f3s, pe\u00e7a-nos uma cota\u00e7\u00e3o pois os valores variam bastante em fun\u00e7\u00e3o dos percursos a efectuar tenha em considera\u00e7\u00e3o de que n\u00e3o estabelecemos pre\u00e7os fixos mas sim pre\u00e7os justos.<\/p>\n\n\n\n<p class=\"has-black-color has-text-color\">Fa\u00e7a nos chegar a sua mensagem, diga-nos as vari\u00e1veis como sejam o tipo de embarca\u00e7\u00e3o, peso, comprimento, boca, se t\u00eam atrelado ou n\u00e3o, onde se encontra e para onde pretende transportar.<\/p>\n\n\n\n<p class=\"has-black-color has-text-color\">N\u00e3o efectuamos transportes de embarca\u00e7\u00f5es em que o atrelado seja necess\u00e1rio como meio rolante e que este se encontre em mau estado de conserva\u00e7\u00e3o e ou sem documenta\u00e7\u00e3o legal, tamb\u00e9m delimitamos o servi\u00e7o a embarca\u00e7\u00f5es que excedam os seguintes requisitos :<\/p>\n\n\n\n<p class=\"has-black-color has-text-color\">no m\u00e1ximo 3,60 mt de altura<\/p>\n\n\n\n<p>no m\u00e1ximo com 5 ton. de peso (note que n\u00e3o \u00e9 a tonelagem referenciada pelo registo)<\/p>\n\n\n\n<p>no m\u00e1ximo com 10 mt de comprimento<\/p>\n\n\n\n<p>no m\u00e1ximo 2,60 mt de boca<\/p>\n<\/div>\n\n\n\n<div class=\"wp-block-themeisle-blocks-advanced-column\" id=\"wp-block-themeisle-blocks-advanced-column-f5ef293e\"><div class=\"wp-block-image\">\n<figure class=\"aligncenter size-full\"><img loading=\"lazy\" decoding=\"async\" width=\"778\" height=\"583\" src=\"https:\/\/www.antoniomrguerra.com\/pt\/wp-content\/uploads\/2020\/04\/IMAG11-1.jpg\" alt=\"\" class=\"wp-image-3544\" srcset=\"https:\/\/www.antoniomrguerra.com\/pt\/wp-content\/uploads\/2020\/04\/IMAG11-1.jpg 778w, https:\/\/www.antoniomrguerra.com\/pt\/wp-content\/uploads\/2020\/04\/IMAG11-1-300x225.jpg 300w, https:\/\/www.antoniomrguerra.com\/pt\/wp-content\/uploads\/2020\/04\/IMAG11-1-768x576.jpg 768w\" sizes=\"auto, (max-width: 778px) 100vw, 778px\" \/><\/figure>\n<\/div>\n\n<div class=\"wp-block-image\">\n<figure class=\"aligncenter size-full\"><img loading=\"lazy\" decoding=\"async\" width=\"358\" height=\"301\" src=\"https:\/\/www.antoniomrguerra.com\/pt\/wp-content\/uploads\/2020\/03\/7.png\" alt=\"\" class=\"wp-image-1429\" srcset=\"https:\/\/www.antoniomrguerra.com\/pt\/wp-content\/uploads\/2020\/03\/7.png 358w, https:\/\/www.antoniomrguerra.com\/pt\/wp-content\/uploads\/2020\/03\/7-300x252.png 300w\" sizes=\"auto, (max-width: 358px) 100vw, 358px\" \/><figcaption class=\"wp-element-caption\">Solicitar mais informa\u00e7\u00e3o<\/figcaption><\/figure>\n<\/div>\n\n\n<div class=\"wp-block-buttons is-content-justification-center is-layout-flex wp-container-core-buttons-is-layout-16018d1d wp-block-buttons-is-layout-flex\">\n<div class=\"wp-block-button\"><a class=\"wp-block-button__link has-nv-c-1-background-color has-background wp-element-button\" href=\"https:\/\/www.antoniomrguerra.com\/pt\/pedido-informacao-servicos-transportes\/\" style=\"border-radius:14px\" target=\"_blank\" rel=\"noreferrer noopener\">Mensagem<\/a><\/div>\n<\/div>\n<\/div>\n<\/div><\/div>\n\n\n\n<h1 id=\"wp-block-themeisle-blocks-advanced-heading-02d56439\" class=\"wp-block-themeisle-blocks-advanced-heading wp-block-themeisle-blocks-advanced-heading-02d56439\">Recolha de Embarca\u00e7\u00f5es<\/h1>\n\n\n\n<div class=\"wp-block-themeisle-blocks-advanced-columns alignwide has-2-columns has-desktop-twoOne-layout has-tablet-equal-layout has-mobile-collapsedRows-layout has-default-gap has-vertical-center\" id=\"wp-block-themeisle-blocks-advanced-columns-d3f8445b\"><div class=\"wp-block-themeisle-blocks-advanced-columns-overlay\"><\/div><div class=\"innerblocks-wrap\">\n<div class=\"wp-block-themeisle-blocks-advanced-column\" id=\"wp-block-themeisle-blocks-advanced-column-3a4ab916\">\n<p>Recolha de embarca\u00e7\u00f5es em armaz\u00e9m fechado por per\u00edodos predefinidos consoante as op\u00e7\u00f5es (ver condi\u00e7\u00f5es), dispomos de 5 op\u00e7\u00f5es com valores reduzidos em fun\u00e7\u00e3o da adjudica\u00e7\u00e3o ou n\u00e3o da manuten\u00e7\u00e3o anual&nbsp;sendo elas:<\/p>\n\n\n\n<ul class=\"wp-block-list\">\n<li>Parqueamento Especial com taxa por mt\u00b2 de 5,70 \u20ac*<\/li>\n\n\n\n<li>Parqueamento anual c\/ servi\u00e7o de manuten\u00e7\u00e3o adjudicada com taxa por mt\u00b2 de 6,00 \u20ac*<\/li>\n\n\n\n<li>Parqueamento anual s\/ servi\u00e7o de manuten\u00e7\u00e3o adjudicada com taxa por mt\u00b2 de 6,25 \u20ac*<\/li>\n\n\n\n<li>Parqueamento por \u00e9poca (per\u00edodos de 9 meses) c\/ servi\u00e7o de manuten\u00e7\u00e3o adjudicada com taxa por mt\u00b2 de 6,50\u20ac*<\/li>\n\n\n\n<li>Parqueamento por \u00e9poca (per\u00edodos de 9 meses) s\/ servi\u00e7o de manuten\u00e7\u00e3o adjudicada com taxa por mt\u00b2 de 6,75 \u20ac*<\/li>\n\n\n\n<li>Parqueamento semestral com taxa por mt\u00b2 de 7,00 \u20ac*<\/li>\n<\/ul>\n\n\n\n<hr class=\"wp-block-separator aligncenter has-alpha-channel-opacity is-style-dots\"\/>\n\n\n\n<p><strong>N\u00e3o fazemos recolha de embarca\u00e7\u00f5es que <\/strong>:<\/p>\n\n\n\n<ul class=\"wp-block-list\">\n<li>Pelas suas caracter\u00edsticas de utiliza\u00e7\u00e3o intensiva requeiram a abertura do armaz\u00e9m diariamente ou por per\u00edodos semelhantes<\/li>\n\n\n\n<li>&nbsp;N\u00e3o temos hor\u00e1rio de funcionamento definido portanto n\u00e3o aceitamos parqueamentos do tipo madrugadoras ou tardias por sistema.<\/li>\n<\/ul>\n\n\n\n<p>* Pre\u00e7os v\u00e1lidos em vigor desde 6-1-2026 sujeitos ao iva em vigor<\/p>\n<\/div>\n\n\n\n<div class=\"wp-block-themeisle-blocks-advanced-column\" id=\"wp-block-themeisle-blocks-advanced-column-eaf5a86c\"><div class=\"wp-block-image\">\n<figure class=\"aligncenter size-full\"><img loading=\"lazy\" decoding=\"async\" width=\"778\" height=\"583\" src=\"https:\/\/www.antoniomrguerra.com\/pt\/wp-content\/uploads\/2020\/04\/IMAG11-1.jpg\" alt=\"\" class=\"wp-image-3544\" srcset=\"https:\/\/www.antoniomrguerra.com\/pt\/wp-content\/uploads\/2020\/04\/IMAG11-1.jpg 778w, https:\/\/www.antoniomrguerra.com\/pt\/wp-content\/uploads\/2020\/04\/IMAG11-1-300x225.jpg 300w, https:\/\/www.antoniomrguerra.com\/pt\/wp-content\/uploads\/2020\/04\/IMAG11-1-768x576.jpg 768w\" sizes=\"auto, (max-width: 778px) 100vw, 778px\" \/><\/figure>\n<\/div>\n\n<div class=\"wp-block-image\">\n<figure class=\"aligncenter size-full\"><img loading=\"lazy\" decoding=\"async\" width=\"358\" height=\"301\" src=\"https:\/\/www.antoniomrguerra.com\/pt\/wp-content\/uploads\/2020\/03\/7.png\" alt=\"\" class=\"wp-image-1429\" srcset=\"https:\/\/www.antoniomrguerra.com\/pt\/wp-content\/uploads\/2020\/03\/7.png 358w, https:\/\/www.antoniomrguerra.com\/pt\/wp-content\/uploads\/2020\/03\/7-300x252.png 300w\" sizes=\"auto, (max-width: 358px) 100vw, 358px\" \/><figcaption class=\"wp-element-caption\">Solicitar mais informa\u00e7\u00e3o<\/figcaption><\/figure>\n<\/div>\n\n\n<div class=\"wp-block-buttons is-content-justification-center is-layout-flex wp-container-core-buttons-is-layout-16018d1d wp-block-buttons-is-layout-flex\">\n<div class=\"wp-block-button\"><a class=\"wp-block-button__link has-nv-c-1-background-color has-background wp-element-button\" href=\"https:\/\/www.antoniomrguerra.com\/pt\/pedido-informacao-servicos-transportes\/\" style=\"border-radius:14px\" target=\"_blank\" rel=\"noreferrer noopener\">Mensagem<\/a><\/div>\n\n\n\n<div class=\"wp-block-button\"><a class=\"wp-block-button__link has-nv-c-1-background-color has-background wp-element-button\" href=\"http:\/\/www.antoniomrguerra.com\/tabelas\/publico\/Regimes de Aluguer.pdf\" style=\"border-radius:14px\" target=\"_blank\" rel=\"noreferrer noopener\">Condi\u00e7\u00f5es<\/a><\/div>\n<\/div>\n<\/div>\n<\/div><\/div>\n\n\n\n<h2 id=\"wp-block-themeisle-blocks-advanced-heading-02d56439\" class=\"wp-block-themeisle-blocks-advanced-heading wp-block-themeisle-blocks-advanced-heading-02d56439\">Repara\u00e7\u00e3o de Equipamentos Vacuo<\/h2>\n\n\n\n<div class=\"wp-block-themeisle-blocks-advanced-columns alignwide has-2-columns has-desktop-twoOne-layout has-tablet-equal-layout has-mobile-collapsedRows-layout has-default-gap has-vertical-center\" id=\"wp-block-themeisle-blocks-advanced-columns-0d063532\"><div class=\"wp-block-themeisle-blocks-advanced-columns-overlay\"><\/div><div class=\"innerblocks-wrap\">\n<div class=\"wp-block-themeisle-blocks-advanced-column\" id=\"wp-block-themeisle-blocks-advanced-column-96e59834\">\n<p class=\"has-black-color has-text-color\">Esta \u00e9 uma \u00e1rea de opera\u00e7\u00e3o que desenvolvemos paralelamente \u00e1 atividade N\u00e1utica, onde atuamos nos dom\u00ednios da assist\u00eancia t\u00e9cnica, manuten\u00e7\u00e3o, repara\u00e7\u00e3o e fornecimento de equipamentos de baixo e alto v\u00e1cuo nomeadamente bombas rotativas seladas a \u00f3leo ou secas, bombas difusoras, bombas roots, liofilizadores.<\/p>\n\n\n\n<p>Fornecemos todo o tipo de consum\u00edveis como sejam:<\/p>\n\n\n\n<ul class=\"wp-block-list\">\n<li>\u00d3leos para bombas de V\u00e1cuo e Difusoras<\/li>\n\n\n\n<li>V\u00e1lvulas de Diafragma e de esfera<\/li>\n\n\n\n<li>Filtros de entrada e descarga<\/li>\n\n\n\n<li>Acess\u00f3rios Inox e aluminio<\/li>\n\n\n\n<li>Juntas, An\u00e9is de centragem, Bra\u00e7adeiras<\/li>\n\n\n\n<li>Tubos flex\u00edveis e r\u00edgidos<\/li>\n\n\n\n<li>Equipamentos de Medi\u00e7\u00e3o Pirani, Pening, Vacustat, Barocell<\/li>\n\n\n\n<li>Bombas rotativas ou difusoras<\/li>\n\n\n\n<li>Bombas Roots<\/li>\n<\/ul>\n<\/div>\n\n\n\n<div class=\"wp-block-themeisle-blocks-advanced-column\" id=\"wp-block-themeisle-blocks-advanced-column-3982d134\"><div class=\"wp-block-image\">\n<figure class=\"aligncenter size-large\"><img decoding=\"async\" src=\"http:\/\/www.antoniomrguerra.com\/wp-content\/uploads\/2020\/03\/test.jpg\" alt=\"\"\/><figcaption class=\"wp-element-caption\">Solicitar mais Informa\u00e7\u00e3o<\/figcaption><\/figure>\n<\/div>\n\n\n<div class=\"wp-block-buttons is-content-justification-center is-layout-flex wp-container-core-buttons-is-layout-16018d1d wp-block-buttons-is-layout-flex\">\n<div class=\"wp-block-button\"><a class=\"wp-block-button__link has-nv-c-1-background-color has-background wp-element-button\" href=\"http:\/\/www.antoniomrguerra.com\/vacuo-formulario-contato\/\" style=\"border-radius:14px\" target=\"_blank\" rel=\"noreferrer noopener\">Mensagem<\/a><\/div>\n<\/div>\n<\/div>\n<\/div><\/div>\n\n\n\n<p><\/p>\n","protected":false},"excerpt":{"rendered":"","protected":false},"author":1,"featured_media":0,"parent":0,"menu_order":0,"comment_status":"closed","ping_status":"closed","template":"","meta":{"sfsi_plus_gutenberg_text_before_share":"","sfsi_plus_gutenberg_show_text_before_share":"","sfsi_plus_gutenberg_icon_type":"","sfsi_plus_gutenberg_icon_alignemt":"","sfsi_plus_gutenburg_max_per_row":"","neve_meta_sidebar":"right","neve_meta_container":"default","neve_meta_enable_content_width":"on","neve_meta_content_width":90,"neve_meta_title_alignment":"","neve_meta_author_avatar":"","neve_post_elements_order":"","neve_meta_disable_header":"","neve_meta_disable_footer":"","neve_meta_disable_title":"","_themeisle_gutenberg_block_has_review":false,"footnotes":""},"class_list":["post-18","page","type-page","status-publish","hentry"],"_links":{"self":[{"href":"https:\/\/www.antoniomrguerra.com\/pt\/wp-json\/wp\/v2\/pages\/18","targetHints":{"allow":["GET"]}}],"collection":[{"href":"https:\/\/www.antoniomrguerra.com\/pt\/wp-json\/wp\/v2\/pages"}],"about":[{"href":"https:\/\/www.antoniomrguerra.com\/pt\/wp-json\/wp\/v2\/types\/page"}],"author":[{"embeddable":true,"href":"https:\/\/www.antoniomrguerra.com\/pt\/wp-json\/wp\/v2\/users\/1"}],"replies":[{"embeddable":true,"href":"https:\/\/www.antoniomrguerra.com\/pt\/wp-json\/wp\/v2\/comments?post=18"}],"version-history":[{"count":277,"href":"https:\/\/www.antoniomrguerra.com\/pt\/wp-json\/wp\/v2\/pages\/18\/revisions"}],"predecessor-version":[{"id":4073,"href":"https:\/\/www.antoniomrguerra.com\/pt\/wp-json\/wp\/v2\/pages\/18\/revisions\/4073"}],"wp:attachment":[{"href":"https:\/\/www.antoniomrguerra.com\/pt\/wp-json\/wp\/v2\/media?parent=18"}],"curies":[{"name":"wp","href":"https:\/\/api.w.org\/{rel}","templated":true}]}}