{"id":20,"date":"2020-03-24T12:51:55","date_gmt":"2020-03-24T12:51:55","guid":{"rendered":"http:\/\/localhost\/meusite\/?page_id=20"},"modified":"2022-12-07T20:55:48","modified_gmt":"2022-12-07T20:55:48","slug":"contactos","status":"publish","type":"page","link":"https:\/\/www.antoniomrguerra.com\/pt\/contactos\/","title":{"rendered":"Contactos"},"content":{"rendered":"\n<p id=\"wp-block-themeisle-blocks-advanced-heading-be087efa\" class=\"wp-block-themeisle-blocks-advanced-heading wp-block-themeisle-blocks-advanced-heading-be087efa\">Para chegar at\u00e9 n\u00f3s disp\u00f5em destes  meios,&nbsp; experimente rumar nestas coordenadas, tome nota :<\/p>\n\n\n\n<div class=\"wp-block-themeisle-blocks-advanced-columns has-2-columns has-desktop-equal-layout has-tablet-equal-layout has-mobile-collapsedRows-layout has-default-gap has-vertical-unset\" id=\"wp-block-themeisle-blocks-advanced-columns-549eaab1\"><div class=\"wp-block-themeisle-blocks-advanced-columns-overlay\"><\/div><div class=\"innerblocks-wrap\">\n<div class=\"wp-block-themeisle-blocks-advanced-column\" id=\"wp-block-themeisle-blocks-advanced-column-6848db7c\">\n<ul class=\"wp-block-list\">\n<li><img loading=\"lazy\" decoding=\"async\" width=\"17\" height=\"12\" class=\"wp-image-1697\" style=\"width: 17px;\" alt=\"\" src=\"http:\/\/www.antoniomrguerra.com\/wp-content\/uploads\/2020\/03\/email1.gif\"> Nautica: <a rel=\"noreferrer noopener\" href=\"http:\/\/www.antoniomrguerra.com\/nautica-formulario-contato\/\" target=\"_blank\">E-mail<\/a> <\/li>\n\n\n\n<li><img loading=\"lazy\" decoding=\"async\" width=\"17\" height=\"12\" class=\"wp-image-1697\" style=\"width: 17px;\" alt=\"\" src=\"http:\/\/www.antoniomrguerra.com\/wp-content\/uploads\/2020\/03\/email1.gif\"> Vacuo: <a rel=\"noreferrer noopener\" href=\"http:\/\/www.antoniomrguerra.com\/vacuo-formulario-contato\/\" target=\"_blank\">E-mail<\/a> <\/li>\n\n\n\n<li> <img loading=\"lazy\" decoding=\"async\" width=\"17\" height=\"18\" class=\"wp-image-1700\" style=\"width: 17px;\" src=\"http:\/\/www.antoniomrguerra.com\/wp-content\/uploads\/2020\/03\/phonegif.gif\" alt=\"\"> +351 212 252 550 <sub><sup>(chamada rede fixa nacional)<\/sup><\/sub><\/li>\n\n\n\n<li> <img loading=\"lazy\" decoding=\"async\" width=\"13\" height=\"21\" class=\"wp-image-1701\" style=\"width: 13px;\" src=\"http:\/\/www.antoniomrguerra.com\/wp-content\/uploads\/2020\/03\/smartphonegif1.gif\" alt=\"\">  +351 936 567 864 <sub><sup>(chamada rede movel nacional)<\/sup><\/sub><\/li>\n\n\n\n<li><img loading=\"lazy\" decoding=\"async\" width=\"21\" height=\"18\" class=\"wp-image-1698\" style=\"width: 21px;\" alt=\"\" src=\"http:\/\/www.antoniomrguerra.com\/wp-content\/uploads\/2020\/03\/addressgif1.gif\"> R. da Industria 481 Armaz\u00e9m F 2840-182  SEIXAL <\/li>\n\n\n\n<li><img loading=\"lazy\" decoding=\"async\" width=\"18\" height=\"18\" class=\"wp-image-1703\" style=\"width: 18px;\" alt=\"\" src=\"http:\/\/www.antoniomrguerra.com\/wp-content\/uploads\/2020\/03\/globegif.gif\"> <a rel=\"noreferrer noopener\" href=\"https:\/\/www.google.pt\/maps\/place\/Ant\u00f3nio+M.+R.+Guerra\/@38.603666,-9.0860037,17z\/data=!3m1!4b1!4m2!3m1!1s0xd1949975bdd2c47:0x7b7486e78379bc5?hl=pt-pt\" target=\"_blank\">N 38\u00ba36.13&#8242; W 009\u00ba05.01&#8242;<\/a><\/li>\n<\/ul>\n\n\n\n<hr class=\"wp-block-separator has-css-opacity animated zoomIn is-style-default\"\/>\n\n\n\n<p id=\"wp-block-themeisle-blocks-advanced-heading-5df1b6e8\" class=\"wp-block-themeisle-blocks-advanced-heading wp-block-themeisle-blocks-advanced-heading-5df1b6e8\"><strong>Hor\u00e1rio Inverno<\/strong><br>Seg-Sex: 9:00 &#8211; 13:00 | 14:30 -18:00<br>S\u00e1bados: 8:30 &#8211; 13:00<br><br><strong>Hor\u00e1rio Ver\u00e3o<\/strong><br>Seg-Sex: 8:30 &#8211; 13:00 | 14:30 &#8211; 19:00<br>S\u00e1bados: 8:30 &#8211; 13:00 | 14:30 &#8211; 18:00<br><br><strong>Encerramento Ver\u00e3o | Inverno<\/strong><br>Domingos e Feriados<br><\/p>\n<\/div>\n\n\n\n<div class=\"wp-block-themeisle-blocks-advanced-column\" id=\"wp-block-themeisle-blocks-advanced-column-0fde0797\"><div class=\"wp-block-image is-style-default animated fadeInDown slower\">\n<figure class=\"aligncenter size-large\"><a href=\"https:\/\/www.google.pt\/maps\/place\/Ant\u00f3nio+M.+R.+Guerra\/@38.603666,-9.0860037,17z\/data=!3m1!4b1!4m2!3m1!1s0xd1949975bdd2c47:0x7b7486e78379bc5?hl=pt-pt\" target=\"_blank\" rel=\"noreferrer noopener\"><img loading=\"lazy\" decoding=\"async\" width=\"482\" height=\"500\" src=\"http:\/\/www.antoniomrguerra.com\/wp-content\/uploads\/2020\/03\/mapa.png\" alt=\"\" class=\"wp-image-1667\" srcset=\"https:\/\/www.antoniomrguerra.com\/pt\/wp-content\/uploads\/2020\/03\/mapa.png 482w, https:\/\/www.antoniomrguerra.com\/pt\/wp-content\/uploads\/2020\/03\/mapa-289x300.png 289w\" sizes=\"auto, (max-width: 482px) 100vw, 482px\" \/><\/a><\/figure>\n<\/div><\/div>\n<\/div><\/div>\n","protected":false},"excerpt":{"rendered":"","protected":false},"author":1,"featured_media":0,"parent":0,"menu_order":0,"comment_status":"closed","ping_status":"closed","template":"","meta":{"sfsi_plus_gutenberg_text_before_share":"","sfsi_plus_gutenberg_show_text_before_share":"","sfsi_plus_gutenberg_icon_type":"","sfsi_plus_gutenberg_icon_alignemt":"","sfsi_plus_gutenburg_max_per_row":"","neve_meta_sidebar":"","neve_meta_container":"","neve_meta_enable_content_width":"on","neve_meta_content_width":100,"neve_meta_title_alignment":"","neve_meta_author_avatar":"","neve_post_elements_order":"","neve_meta_disable_header":"","neve_meta_disable_footer":"","neve_meta_disable_title":"","_themeisle_gutenberg_block_has_review":false,"footnotes":""},"class_list":["post-20","page","type-page","status-publish","hentry"],"_links":{"self":[{"href":"https:\/\/www.antoniomrguerra.com\/pt\/wp-json\/wp\/v2\/pages\/20","targetHints":{"allow":["GET"]}}],"collection":[{"href":"https:\/\/www.antoniomrguerra.com\/pt\/wp-json\/wp\/v2\/pages"}],"about":[{"href":"https:\/\/www.antoniomrguerra.com\/pt\/wp-json\/wp\/v2\/types\/page"}],"author":[{"embeddable":true,"href":"https:\/\/www.antoniomrguerra.com\/pt\/wp-json\/wp\/v2\/users\/1"}],"replies":[{"embeddable":true,"href":"https:\/\/www.antoniomrguerra.com\/pt\/wp-json\/wp\/v2\/comments?post=20"}],"version-history":[{"count":36,"href":"https:\/\/www.antoniomrguerra.com\/pt\/wp-json\/wp\/v2\/pages\/20\/revisions"}],"predecessor-version":[{"id":3840,"href":"https:\/\/www.antoniomrguerra.com\/pt\/wp-json\/wp\/v2\/pages\/20\/revisions\/3840"}],"wp:attachment":[{"href":"https:\/\/www.antoniomrguerra.com\/pt\/wp-json\/wp\/v2\/media?parent=20"}],"curies":[{"name":"wp","href":"https:\/\/api.w.org\/{rel}","templated":true}]}}