{"id":21,"date":"2020-03-24T12:51:55","date_gmt":"2020-03-24T12:51:55","guid":{"rendered":"http:\/\/localhost\/meusite\/?page_id=21"},"modified":"2021-10-24T19:41:27","modified_gmt":"2021-10-24T19:41:27","slug":"portfolio","status":"publish","type":"page","link":"https:\/\/www.antoniomrguerra.com\/pt\/portfolio\/","title":{"rendered":"Portf\u00f3lio"},"content":{"rendered":"\n<p>Galeria de fotos que pretendem retratar o diversificado universo das nossas compet\u00eancias em algumas das realizadas repara\u00e7\u00f5es de motores mar\u00edtimos e manuten\u00e7\u00f5es na <strong>area da n\u00e1utica<\/strong> e em equipamentos de vacuo na <strong>area de vacuo<\/strong>, <strong>transportes terrestres<\/strong>, servi\u00e7os de lavagem e <strong>pinturas de fundo<\/strong>.<\/p>\n\n\n\n<div class=\"wp-block-themeisle-blocks-advanced-columns has-4-columns has-desktop-equal-layout has-tablet-twoColumnGrid-layout has-mobile-collapsedRows-layout has-extended-gap has-vertical-unset\" id=\"wp-block-themeisle-blocks-advanced-columns-23717aaf\"><div class=\"wp-block-themeisle-blocks-advanced-columns-overlay\"><\/div><div class=\"innerblocks-wrap\">\n<div class=\"wp-block-themeisle-blocks-advanced-column animated fadeInLeft slow\" id=\"wp-block-themeisle-blocks-advanced-column-97a5fc42\">\n<div class=\"wp-block-themeisle-blocks-service\">\n<div class=\"wp-block-group\"><div class=\"wp-block-group__inner-container is-layout-flow wp-block-group-is-layout-flow\">\n<figure class=\"wp-block-image size-large is-style-default animated slideInLeft\"><img loading=\"lazy\" decoding=\"async\" width=\"778\" height=\"583\" src=\"http:\/\/www.antoniomrguerra.com\/wp-content\/uploads\/2020\/04\/DSC06207.jpg\" alt=\"\" class=\"wp-image-2641\" srcset=\"https:\/\/www.antoniomrguerra.com\/pt\/wp-content\/uploads\/2020\/04\/DSC06207.jpg 778w, https:\/\/www.antoniomrguerra.com\/pt\/wp-content\/uploads\/2020\/04\/DSC06207-300x225.jpg 300w, https:\/\/www.antoniomrguerra.com\/pt\/wp-content\/uploads\/2020\/04\/DSC06207-768x576.jpg 768w\" sizes=\"auto, (max-width: 778px) 100vw, 778px\" \/><\/figure>\n<\/div><\/div>\n\n\n\n<h5 id=\"wp-block-themeisle-blocks-advanced-heading-e0bceb05\" class=\"wp-block-themeisle-blocks-advanced-heading wp-block-themeisle-blocks-advanced-heading-e0bceb05\"><strong>Nautica<\/strong><\/h5>\n\n\n\n<p id=\"wp-block-themeisle-blocks-advanced-heading-d680bbec\" class=\"wp-block-themeisle-blocks-advanced-heading wp-block-themeisle-blocks-advanced-heading-d680bbec\"><strong>Galeria de fotos Repara\u00e7\u00f5es e Manuten\u00e7\u00f5es em Motores Maritimos<\/strong><\/p>\n\n\n\n<hr class=\"wp-block-separator\"\/>\n\n\n\n<div class=\"wp-block-buttons is-content-justification-center is-layout-flex wp-block-buttons-is-layout-flex\">\n<div class=\"wp-block-button\"><a class=\"wp-block-button__link has-white-color has-text-color has-background\" href=\"http:\/\/www.antoniomrguerra.com\/manutencao-reparacao-nautica\/\" style=\"border-radius:10px;background:linear-gradient(90deg,rgb(14,15,14) 0%,rgb(245,248,246) 100%)\" target=\"_blank\" rel=\"noreferrer noopener\">Explorar<\/a><\/div>\n<\/div>\n<\/div>\n<\/div>\n\n\n\n<div class=\"wp-block-themeisle-blocks-advanced-column animated fadeInDown slow\" id=\"wp-block-themeisle-blocks-advanced-column-69b79c7a\">\n<div class=\"wp-block-themeisle-blocks-service\">\n<div class=\"wp-block-group\"><div class=\"wp-block-group__inner-container is-layout-flow wp-block-group-is-layout-flow\">\n<figure class=\"wp-block-image animated slideInDown is-style-default\"><img loading=\"lazy\" decoding=\"async\" width=\"778\" height=\"583\" src=\"http:\/\/www.antoniomrguerra.com\/wp-content\/uploads\/2020\/04\/DSC06297.jpg\" alt=\"\" class=\"wp-image-2841\" srcset=\"https:\/\/www.antoniomrguerra.com\/pt\/wp-content\/uploads\/2020\/04\/DSC06297.jpg 778w, https:\/\/www.antoniomrguerra.com\/pt\/wp-content\/uploads\/2020\/04\/DSC06297-300x225.jpg 300w, https:\/\/www.antoniomrguerra.com\/pt\/wp-content\/uploads\/2020\/04\/DSC06297-768x576.jpg 768w\" sizes=\"auto, (max-width: 778px) 100vw, 778px\" \/><\/figure>\n<\/div><\/div>\n\n\n\n<h5 id=\"wp-block-themeisle-blocks-advanced-heading-48a94dce\" class=\"wp-block-themeisle-blocks-advanced-heading wp-block-themeisle-blocks-advanced-heading-48a94dce\"><strong>Vacuo<\/strong><\/h5>\n\n\n\n<p id=\"wp-block-themeisle-blocks-advanced-heading-e5cbc5ab\" class=\"wp-block-themeisle-blocks-advanced-heading wp-block-themeisle-blocks-advanced-heading-e5cbc5ab\"><strong>Galeria de fotos Repara\u00e7\u00f5es e Manuten\u00e7\u00f5es em Equipamentos Vacuo<\/strong><\/p>\n\n\n\n<hr class=\"wp-block-separator\"\/>\n\n\n\n<div class=\"wp-block-buttons is-content-justification-center is-layout-flex wp-block-buttons-is-layout-flex\">\n<div class=\"wp-block-button\"><a class=\"wp-block-button__link has-background\" href=\"http:\/\/www.antoniomrguerra.com\/manutencao-reparacao-vacuo\/\" style=\"border-radius:10px;background:linear-gradient(135deg,rgb(50,58,55) 0%,rgb(0,208,130) 100%)\" target=\"_blank\" rel=\"noreferrer noopener\">EXplorar<\/a><\/div>\n<\/div>\n<\/div>\n<\/div>\n\n\n\n<div class=\"wp-block-themeisle-blocks-advanced-column animated fadeInUp slow\" id=\"wp-block-themeisle-blocks-advanced-column-4df088c5\">\n<div class=\"wp-block-themeisle-blocks-service\">\n<div class=\"wp-block-group\"><div class=\"wp-block-group__inner-container is-layout-flow wp-block-group-is-layout-flow\">\n<figure class=\"wp-block-image is-style-default animated slideInUp\"><img loading=\"lazy\" decoding=\"async\" width=\"778\" height=\"583\" src=\"http:\/\/www.antoniomrguerra.com\/wp-content\/uploads\/2020\/04\/DSC07253.jpg\" alt=\"\" class=\"wp-image-2779\" srcset=\"https:\/\/www.antoniomrguerra.com\/pt\/wp-content\/uploads\/2020\/04\/DSC07253.jpg 778w, https:\/\/www.antoniomrguerra.com\/pt\/wp-content\/uploads\/2020\/04\/DSC07253-300x225.jpg 300w, https:\/\/www.antoniomrguerra.com\/pt\/wp-content\/uploads\/2020\/04\/DSC07253-768x576.jpg 768w\" sizes=\"auto, (max-width: 778px) 100vw, 778px\" \/><\/figure>\n<\/div><\/div>\n\n\n\n<h5 id=\"wp-block-themeisle-blocks-advanced-heading-a3bbb84f\" class=\"wp-block-themeisle-blocks-advanced-heading wp-block-themeisle-blocks-advanced-heading-a3bbb84f\"><strong>Pinturas<\/strong><\/h5>\n\n\n\n<p id=\"wp-block-themeisle-blocks-advanced-heading-e59f219d\" class=\"wp-block-themeisle-blocks-advanced-heading wp-block-themeisle-blocks-advanced-heading-e59f219d\"><strong>Galeria de fotos Repara\u00e7\u00f5es e Pinturas Antivegetativas em Embarca\u00e7\u00f5es e Drives<\/strong><\/p>\n\n\n\n<hr class=\"wp-block-separator\"\/>\n\n\n\n<div class=\"wp-block-buttons is-content-justification-center is-layout-flex wp-block-buttons-is-layout-flex\">\n<div class=\"wp-block-button\"><a class=\"wp-block-button__link has-background\" href=\"http:\/\/www.antoniomrguerra.com\/pinturas-antivegetativas\/\" style=\"border-radius:10px;background:linear-gradient(135deg,rgb(7,5,2) 0%,rgb(199,81,192) 50%,rgb(65,88,208) 100%)\" target=\"_blank\" rel=\"noreferrer noopener\">explorar<\/a><\/div>\n<\/div>\n<\/div>\n<\/div>\n\n\n\n<div class=\"wp-block-themeisle-blocks-advanced-column animated fadeInRight slow\" id=\"wp-block-themeisle-blocks-advanced-column-f2c81f21\">\n<div class=\"wp-block-themeisle-blocks-service\">\n<div class=\"wp-block-group\"><div class=\"wp-block-group__inner-container is-layout-flow wp-block-group-is-layout-flow\">\n<figure class=\"wp-block-image size-large is-style-default animated slideInRight\"><img loading=\"lazy\" decoding=\"async\" width=\"778\" height=\"583\" src=\"https:\/\/www.antoniomrguerra.com\/pt\/wp-content\/uploads\/2020\/04\/IMAG11-1.jpg\" alt=\"\" class=\"wp-image-3544\" srcset=\"https:\/\/www.antoniomrguerra.com\/pt\/wp-content\/uploads\/2020\/04\/IMAG11-1.jpg 778w, https:\/\/www.antoniomrguerra.com\/pt\/wp-content\/uploads\/2020\/04\/IMAG11-1-300x225.jpg 300w, https:\/\/www.antoniomrguerra.com\/pt\/wp-content\/uploads\/2020\/04\/IMAG11-1-768x576.jpg 768w\" sizes=\"auto, (max-width: 778px) 100vw, 778px\" \/><\/figure>\n<\/div><\/div>\n\n\n\n<h5 id=\"wp-block-themeisle-blocks-advanced-heading-5a3fdf87\" class=\"wp-block-themeisle-blocks-advanced-heading wp-block-themeisle-blocks-advanced-heading-5a3fdf87\"><strong>Transportes<\/strong><\/h5>\n\n\n\n<p id=\"wp-block-themeisle-blocks-advanced-heading-47d130bc\" class=\"wp-block-themeisle-blocks-advanced-heading wp-block-themeisle-blocks-advanced-heading-47d130bc\"><strong>Galeria de fotos de diversos Transportes Terrestres de Embarca\u00e7\u00f5es<\/strong><\/p>\n\n\n\n<hr class=\"wp-block-separator\"\/>\n\n\n\n<div class=\"wp-block-buttons is-content-justification-center is-layout-flex wp-block-buttons-is-layout-flex\">\n<div class=\"wp-block-button\"><a class=\"wp-block-button__link has-background\" href=\"http:\/\/www.antoniomrguerra.com\/transportes-terrestres\/\" style=\"border-radius:10px;background:linear-gradient(135deg,rgb(45,44,42) 0%,rgba(255,105,0,1) 100%)\" target=\"_blank\" rel=\"noreferrer noopener\">explorar<\/a><\/div>\n<\/div>\n\n\n\n<p><\/p>\n<\/div>\n<\/div>\n<\/div><\/div>\n","protected":false},"excerpt":{"rendered":"<p>Galeria de fotos que pretendem retratar o diversificado universo das nossas compet\u00eancias em algumas das realizadas repara\u00e7\u00f5es de motores mar\u00edtimos e manuten\u00e7\u00f5es na area da n\u00e1utica e em equipamentos de vacuo na area de vacuo, transportes terrestres, servi\u00e7os de lavagem e pinturas de fundo.<\/p>\n","protected":false},"author":1,"featured_media":0,"parent":0,"menu_order":0,"comment_status":"closed","ping_status":"closed","template":"","meta":{"sfsi_plus_gutenberg_text_before_share":"","sfsi_plus_gutenberg_show_text_before_share":"","sfsi_plus_gutenberg_icon_type":"","sfsi_plus_gutenberg_icon_alignemt":"","sfsi_plus_gutenburg_max_per_row":"","neve_meta_sidebar":"","neve_meta_container":"","neve_meta_enable_content_width":"on","neve_meta_content_width":100,"neve_meta_title_alignment":"","neve_meta_author_avatar":"","neve_post_elements_order":"","neve_meta_disable_header":"","neve_meta_disable_footer":"","neve_meta_disable_title":"","_themeisle_gutenberg_block_has_review":false,"footnotes":""},"class_list":["post-21","page","type-page","status-publish","hentry"],"_links":{"self":[{"href":"https:\/\/www.antoniomrguerra.com\/pt\/wp-json\/wp\/v2\/pages\/21","targetHints":{"allow":["GET"]}}],"collection":[{"href":"https:\/\/www.antoniomrguerra.com\/pt\/wp-json\/wp\/v2\/pages"}],"about":[{"href":"https:\/\/www.antoniomrguerra.com\/pt\/wp-json\/wp\/v2\/types\/page"}],"author":[{"embeddable":true,"href":"https:\/\/www.antoniomrguerra.com\/pt\/wp-json\/wp\/v2\/users\/1"}],"replies":[{"embeddable":true,"href":"https:\/\/www.antoniomrguerra.com\/pt\/wp-json\/wp\/v2\/comments?post=21"}],"version-history":[{"count":46,"href":"https:\/\/www.antoniomrguerra.com\/pt\/wp-json\/wp\/v2\/pages\/21\/revisions"}],"predecessor-version":[{"id":3637,"href":"https:\/\/www.antoniomrguerra.com\/pt\/wp-json\/wp\/v2\/pages\/21\/revisions\/3637"}],"wp:attachment":[{"href":"https:\/\/www.antoniomrguerra.com\/pt\/wp-json\/wp\/v2\/media?parent=21"}],"curies":[{"name":"wp","href":"https:\/\/api.w.org\/{rel}","templated":true}]}}