{"id":2387,"date":"2020-04-05T08:39:43","date_gmt":"2020-04-05T08:39:43","guid":{"rendered":"http:\/\/localhost\/meusite\/?page_id=2387"},"modified":"2026-01-07T21:01:46","modified_gmt":"2026-01-07T21:01:46","slug":"flate-rate-precos-manutencao","status":"publish","type":"page","link":"https:\/\/www.antoniomrguerra.com\/pt\/flate-rate-precos-manutencao\/","title":{"rendered":"Flate Rate | Pre\u00e7os Manuten\u00e7\u00e3o"},"content":{"rendered":"\n<hr class=\"wp-block-separator has-text-color has-neve-text-color-color has-css-opacity has-neve-text-color-background-color has-background animated bounce is-style-wide\"\/>\n\n\n\n<p>Tabela de pre\u00e7os meramente informativa para consulta com valores estimados para a conclus\u00e3o de determinadas tarefas vulgares de manuten\u00e7\u00e3o em motores <strong>Fora de Bordo 2 e 4 Tempos<\/strong> em <strong>Motores Interiores<\/strong> e <strong>Unidades propulsoras<\/strong> (<strong>Transoms e Drives<\/strong>)<\/p>\n\n\n\n<p><strong>Motores Outboards 2 e 4 Tempos<\/strong><\/p>\n\n\n\n<figure class=\"wp-block-image size-large animated bounceIn\"><img loading=\"lazy\" decoding=\"async\" width=\"1024\" height=\"337\" src=\"https:\/\/www.antoniomrguerra.com\/pt\/wp-content\/uploads\/2026\/01\/precos-servicos-1024x337.jpg\" alt=\"\" class=\"wp-image-4067\" srcset=\"https:\/\/www.antoniomrguerra.com\/pt\/wp-content\/uploads\/2026\/01\/precos-servicos-1024x337.jpg 1024w, https:\/\/www.antoniomrguerra.com\/pt\/wp-content\/uploads\/2026\/01\/precos-servicos-300x99.jpg 300w, https:\/\/www.antoniomrguerra.com\/pt\/wp-content\/uploads\/2026\/01\/precos-servicos-768x252.jpg 768w, https:\/\/www.antoniomrguerra.com\/pt\/wp-content\/uploads\/2026\/01\/precos-servicos.jpg 1083w\" sizes=\"auto, (max-width: 1024px) 100vw, 1024px\" \/><\/figure>\n\n\n\n<p><strong>Motores Interiores | Transoms | Drives<\/strong><\/p>\n\n\n\n<figure class=\"wp-block-image size-large animated bounceIn\"><img decoding=\"async\" src=\"https:\/\/www.antoniomrguerra.com\/pt\/wp-content\/uploads\/2025\/01\/precos-manutencao.jpg\" alt=\"\"\/><\/figure>\n\n\n\n<p class=\"animated lightSpeedIn\">1 \u2013 Valores fracionados da hora, necess\u00e1rios para conclus\u00e3o das tarefas descritas com base no custo\/hora de 44,50\u20ac<br>2 \u2013 Fra\u00e7\u00e3o m\u00ednima de custo\/hora debit\u00e1vel = 1\/2 hora<br>3 \u2013 Valor fixo a ser adicionado se solicitado pelo cliente ou necess\u00e1rio para diagnosticar motores e imprimir relat\u00f3rios com suporte inform\u00e1tico 75,00 \u20ac.<br>4 \u2013 N\u00e3o se encontram contabilizados nesta tabela os tempos necess\u00e1rios para proceder a eventual limpeza de material, pintura ou extra\u00e7\u00e3o de parafusos partidos ou calcinados bem como o material a aplicar para concluir as tarefas.<br>5 \u2013 Estes valores s\u00e3o v\u00e1lidos para tarefas efetuadas nas n\/ instala\u00e7\u00f5es, noutro local sofrem um acr\u00e9scimo de 20%.<br>6 \u2013 Valores sujeitos \u00e1 taxa de IVA legal em vigor.<br>7 \u2013 Valores v\u00e1lidos sob condi\u00e7\u00e3o do material necess\u00e1rio para completar as tarefas ser por n\u00f3s fornecido.<br>8 \u2013 Os pre\u00e7os apresentados s\u00e3o meramente informativos e encontram-se atualizados \u00e1 data do dia 06-01-2026<\/p>\n","protected":false},"excerpt":{"rendered":"<p>Tabela de pre\u00e7os meramente informativa para consulta com valores estimados para a conclus\u00e3o de determinadas tarefas vulgares de manuten\u00e7\u00e3o em motores Fora de Bordo 2 e 4 Tempos em Motores Interiores e Unidades propulsoras (Transoms e Drives) Motores Outboards 2 e 4 Tempos Motores Interiores | Transoms | Drives 1 \u2013 Valores fracionados da hora,&hellip;&nbsp;<a href=\"https:\/\/www.antoniomrguerra.com\/pt\/flate-rate-precos-manutencao\/\" class=\"\" rel=\"bookmark\">Ler mais &raquo;<span class=\"screen-reader-text\">Flate Rate | Pre\u00e7os Manuten\u00e7\u00e3o<\/span><\/a><\/p>\n","protected":false},"author":1,"featured_media":0,"parent":0,"menu_order":0,"comment_status":"closed","ping_status":"closed","template":"","meta":{"sfsi_plus_gutenberg_text_before_share":"","sfsi_plus_gutenberg_show_text_before_share":"","sfsi_plus_gutenberg_icon_type":"","sfsi_plus_gutenberg_icon_alignemt":"","sfsi_plus_gutenburg_max_per_row":"","neve_meta_sidebar":"full-width","neve_meta_container":"","neve_meta_enable_content_width":"on","neve_meta_content_width":100,"neve_meta_title_alignment":"","neve_meta_author_avatar":"","neve_post_elements_order":"","neve_meta_disable_header":"","neve_meta_disable_footer":"","neve_meta_disable_title":"","_themeisle_gutenberg_block_has_review":false,"footnotes":""},"class_list":["post-2387","page","type-page","status-publish","hentry"],"_links":{"self":[{"href":"https:\/\/www.antoniomrguerra.com\/pt\/wp-json\/wp\/v2\/pages\/2387","targetHints":{"allow":["GET"]}}],"collection":[{"href":"https:\/\/www.antoniomrguerra.com\/pt\/wp-json\/wp\/v2\/pages"}],"about":[{"href":"https:\/\/www.antoniomrguerra.com\/pt\/wp-json\/wp\/v2\/types\/page"}],"author":[{"embeddable":true,"href":"https:\/\/www.antoniomrguerra.com\/pt\/wp-json\/wp\/v2\/users\/1"}],"replies":[{"embeddable":true,"href":"https:\/\/www.antoniomrguerra.com\/pt\/wp-json\/wp\/v2\/comments?post=2387"}],"version-history":[{"count":23,"href":"https:\/\/www.antoniomrguerra.com\/pt\/wp-json\/wp\/v2\/pages\/2387\/revisions"}],"predecessor-version":[{"id":4070,"href":"https:\/\/www.antoniomrguerra.com\/pt\/wp-json\/wp\/v2\/pages\/2387\/revisions\/4070"}],"wp:attachment":[{"href":"https:\/\/www.antoniomrguerra.com\/pt\/wp-json\/wp\/v2\/media?parent=2387"}],"curies":[{"name":"wp","href":"https:\/\/api.w.org\/{rel}","templated":true}]}}