{"id":3092,"date":"2020-04-13T01:22:32","date_gmt":"2020-04-13T01:22:32","guid":{"rendered":"http:\/\/localhost\/meusite\/?page_id=3092"},"modified":"2020-04-13T13:21:46","modified_gmt":"2020-04-13T13:21:46","slug":"manutencao-reparacao-vacuo","status":"publish","type":"page","link":"https:\/\/www.antoniomrguerra.com\/pt\/manutencao-reparacao-vacuo\/","title":{"rendered":"Manuten\u00e7\u00e3o | Repara\u00e7\u00e3o Vacuo"},"content":{"rendered":"\n<h6 id=\"wp-block-themeisle-blocks-advanced-heading-5890237c\" class=\"wp-block-themeisle-blocks-advanced-heading wp-block-themeisle-blocks-advanced-heading-5890237c\">Galeria de fotos de Repara\u00e7\u00f5es e Manuten\u00e7\u00f5es efetuadas em Equipamentos de Vacuo<\/h6>\n\n\n\n<div class=\"wp-block-themeisle-blocks-advanced-columns has-1-columns has-desktop-equal-layout has-tablet-equal-layout has-mobile-equal-layout has-default-gap has-vertical-unset\" id=\"wp-block-themeisle-blocks-advanced-columns-3bc07c5b\"><div class=\"wp-block-themeisle-blocks-advanced-columns-overlay\"><\/div><div class=\"innerblocks-wrap\">\n<div class=\"wp-block-themeisle-blocks-advanced-column\" id=\"wp-block-themeisle-blocks-advanced-column-bf7cb277\">\n<div class=\"wp-block-responsive-lightbox-gallery\"><div class=\"rl-gallery-container rl-loading rl-pagination-infinite\" id=\"rl-gallery-container-1\" data-gallery_id=\"2754\"> <div class=\"rl-gallery rl-basicmasonry-gallery rl-hover-effect-6 rl-hover-icon-2\" id=\"rl-gallery-1\" data-gallery_no=\"1\"> <div class=\"rl-gutter-sizer\"><\/div><div class=\"rl-grid-sizer\"><\/div> <div class=\"rl-gallery-item rl-gallery-item-width-4\" > <div class=\"rl-gallery-item-content\"> <a href=\"https:\/\/www.antoniomrguerra.com\/pt\/wp-content\/uploads\/2020\/04\/IMAG1627-1024x576.jpg\" title=\"\" data-rl_title=\"\" class=\"rl-gallery-link\" data-rl_caption=\"\" data-rel=\"lightbox-gallery-1\"><img loading=\"lazy\" decoding=\"async\" src=\"https:\/\/www.antoniomrguerra.com\/pt\/wp-content\/uploads\/2020\/04\/IMAG1627-300x169.jpg\" width=\"300\" height=\"169\" \/><\/a> <\/div> <\/div> <div class=\"rl-gallery-item\" > <div class=\"rl-gallery-item-content\"> <a href=\"https:\/\/www.antoniomrguerra.com\/pt\/wp-content\/uploads\/2020\/04\/IMAG1532.jpg\" title=\"\" data-rl_title=\"\" class=\"rl-gallery-link\" data-rl_caption=\"Bomba vacuo Edwards 1.5 e Kit de manuten\u00e7\u00e3o\" data-rel=\"lightbox-gallery-1\"><img loading=\"lazy\" decoding=\"async\" src=\"https:\/\/www.antoniomrguerra.com\/pt\/wp-content\/uploads\/2020\/04\/IMAG1532-300x180.jpg\" width=\"300\" height=\"180\" \/><span class=\"rl-gallery-caption\"><span class=\"rl-gallery-item-caption\">Bomba vacuo Edwards 1.5 e Kit de manuten\u00e7\u00e3o<\/span><\/span><\/a> <\/div> <\/div> <div class=\"rl-gallery-item\" > <div class=\"rl-gallery-item-content\"> <a href=\"https:\/\/www.antoniomrguerra.com\/pt\/wp-content\/uploads\/2020\/04\/IMAG0143.jpg\" title=\"\" data-rl_title=\"\" class=\"rl-gallery-link\" data-rl_caption=\"Bomba Vacuo Agilent em Teste\" data-rel=\"lightbox-gallery-1\"><img loading=\"lazy\" decoding=\"async\" src=\"https:\/\/www.antoniomrguerra.com\/pt\/wp-content\/uploads\/2020\/04\/IMAG0143-300x225.jpg\" width=\"300\" height=\"225\" \/><span class=\"rl-gallery-caption\"><span class=\"rl-gallery-item-caption\">Bomba Vacuo Agilent em Teste<\/span><\/span><\/a> <\/div> <\/div> <div class=\"rl-gallery-item\" > <div class=\"rl-gallery-item-content\"> <a href=\"https:\/\/www.antoniomrguerra.com\/pt\/wp-content\/uploads\/2020\/04\/IMAG1631-1024x576.jpg\" title=\"\" data-rl_title=\"\" class=\"rl-gallery-link\" data-rl_caption=\"Bomba Vacuo Pfeiffer\" data-rel=\"lightbox-gallery-1\"><img loading=\"lazy\" decoding=\"async\" src=\"https:\/\/www.antoniomrguerra.com\/pt\/wp-content\/uploads\/2020\/04\/IMAG1631-300x169.jpg\" width=\"300\" height=\"169\" \/><span class=\"rl-gallery-caption\"><span class=\"rl-gallery-item-caption\">Bomba Vacuo Pfeiffer<\/span><\/span><\/a> <\/div> <\/div> <div class=\"rl-gallery-item\" > <div class=\"rl-gallery-item-content\"> <a href=\"https:\/\/www.antoniomrguerra.com\/pt\/wp-content\/uploads\/2020\/04\/IMAG0126-1024x576.jpg\" title=\"\" data-rl_title=\"\" class=\"rl-gallery-link\" data-rl_caption=\"\" data-rel=\"lightbox-gallery-1\"><img loading=\"lazy\" decoding=\"async\" src=\"https:\/\/www.antoniomrguerra.com\/pt\/wp-content\/uploads\/2020\/04\/IMAG0126-300x169.jpg\" width=\"300\" height=\"169\" \/><\/a> <\/div> <\/div> <div class=\"rl-gallery-item\" > <div class=\"rl-gallery-item-content\"> <a href=\"https:\/\/www.antoniomrguerra.com\/pt\/wp-content\/uploads\/2020\/04\/IMAG4306.jpg\" title=\"\" data-rl_title=\"\" class=\"rl-gallery-link\" data-rl_caption=\"Bomba Vacuo Telstar em teste\" data-rel=\"lightbox-gallery-1\"><img loading=\"lazy\" decoding=\"async\" src=\"https:\/\/www.antoniomrguerra.com\/pt\/wp-content\/uploads\/2020\/04\/IMAG4306-300x180.jpg\" width=\"300\" height=\"180\" \/><span class=\"rl-gallery-caption\"><span class=\"rl-gallery-item-caption\">Bomba Vacuo Telstar em teste<\/span><\/span><\/a> <\/div> <\/div> <div class=\"rl-gallery-item\" > <div class=\"rl-gallery-item-content\"> <a href=\"https:\/\/www.antoniomrguerra.com\/pt\/wp-content\/uploads\/2020\/04\/IMAG3442.jpg\" title=\"\" data-rl_title=\"\" class=\"rl-gallery-link\" data-rl_caption=\"Bomba de vacuo Piston Rotativo\" data-rel=\"lightbox-gallery-1\"><img loading=\"lazy\" decoding=\"async\" src=\"https:\/\/www.antoniomrguerra.com\/pt\/wp-content\/uploads\/2020\/04\/IMAG3442-300x180.jpg\" width=\"300\" height=\"180\" \/><span class=\"rl-gallery-caption\"><span class=\"rl-gallery-item-caption\">Bomba de vacuo Piston Rotativo<\/span><\/span><\/a> <\/div> <\/div> <div class=\"rl-gallery-item\" > <div class=\"rl-gallery-item-content\"> <a href=\"https:\/\/www.antoniomrguerra.com\/pt\/wp-content\/uploads\/2020\/04\/DSC06228.jpg\" title=\"\" data-rl_title=\"\" class=\"rl-gallery-link\" data-rl_caption=\"\" data-rel=\"lightbox-gallery-1\"><img loading=\"lazy\" decoding=\"async\" src=\"https:\/\/www.antoniomrguerra.com\/pt\/wp-content\/uploads\/2020\/04\/DSC06228-300x225.jpg\" width=\"300\" height=\"225\" \/><\/a> <\/div> <\/div> <div class=\"rl-gallery-item\" > <div class=\"rl-gallery-item-content\"> <a href=\"https:\/\/www.antoniomrguerra.com\/pt\/wp-content\/uploads\/2020\/04\/IMAG3409.jpg\" title=\"\" data-rl_title=\"\" class=\"rl-gallery-link\" data-rl_caption=\"Bomba Vacuo Edwards 1.5 acoplada a Difusora Edwards ED60\" data-rel=\"lightbox-gallery-1\"><img loading=\"lazy\" decoding=\"async\" src=\"https:\/\/www.antoniomrguerra.com\/pt\/wp-content\/uploads\/2020\/04\/IMAG3409-300x180.jpg\" width=\"300\" height=\"180\" \/><span class=\"rl-gallery-caption\"><span class=\"rl-gallery-item-caption\">Bomba Vacuo Edwards 1.5 acoplada a Difusora Edwards ED60<\/span><\/span><\/a> <\/div> <\/div> <div class=\"rl-gallery-item\" > <div class=\"rl-gallery-item-content\"> <a href=\"https:\/\/www.antoniomrguerra.com\/pt\/wp-content\/uploads\/2020\/04\/IMAG2868-1024x576.jpg\" title=\"\" data-rl_title=\"\" class=\"rl-gallery-link\" data-rl_caption=\"Bomba Vacuo nova Edwards E2M18\" data-rel=\"lightbox-gallery-1\"><img loading=\"lazy\" decoding=\"async\" src=\"https:\/\/www.antoniomrguerra.com\/pt\/wp-content\/uploads\/2020\/04\/IMAG2868-300x169.jpg\" width=\"300\" height=\"169\" \/><span class=\"rl-gallery-caption\"><span class=\"rl-gallery-item-caption\">Bomba Vacuo nova Edwards E2M18<\/span><\/span><\/a> <\/div> <\/div> <div class=\"rl-gallery-item\" > <div class=\"rl-gallery-item-content\"> <a href=\"https:\/\/www.antoniomrguerra.com\/pt\/wp-content\/uploads\/2020\/04\/IMAG3400-1024x576.jpg\" title=\"\" data-rl_title=\"\" class=\"rl-gallery-link\" data-rl_caption=\"Bomba Vacuo Agilent-Varian\" data-rel=\"lightbox-gallery-1\"><img loading=\"lazy\" decoding=\"async\" src=\"https:\/\/www.antoniomrguerra.com\/pt\/wp-content\/uploads\/2020\/04\/IMAG3400-300x169.jpg\" width=\"300\" height=\"169\" \/><span class=\"rl-gallery-caption\"><span class=\"rl-gallery-item-caption\">Bomba Vacuo Agilent-Varian<\/span><\/span><\/a> <\/div> <\/div> <div class=\"rl-gallery-item\" > <div class=\"rl-gallery-item-content\"> <a href=\"https:\/\/www.antoniomrguerra.com\/pt\/wp-content\/uploads\/2020\/04\/PB220175.jpg\" title=\"\" data-rl_title=\"\" class=\"rl-gallery-link\" data-rl_caption=\"\" data-rel=\"lightbox-gallery-1\"><img loading=\"lazy\" decoding=\"async\" src=\"https:\/\/www.antoniomrguerra.com\/pt\/wp-content\/uploads\/2020\/04\/PB220175-300x225.jpg\" width=\"300\" height=\"225\" \/><\/a> <\/div> <\/div> <div class=\"rl-gallery-item\" > <div class=\"rl-gallery-item-content\"> <a href=\"https:\/\/www.antoniomrguerra.com\/pt\/wp-content\/uploads\/2020\/04\/IMAG3372.jpg\" title=\"\" data-rl_title=\"\" class=\"rl-gallery-link\" data-rl_caption=\"Bomba Vacuo Edwards\" data-rel=\"lightbox-gallery-1\"><img loading=\"lazy\" decoding=\"async\" src=\"https:\/\/www.antoniomrguerra.com\/pt\/wp-content\/uploads\/2020\/04\/IMAG3372-300x180.jpg\" width=\"300\" height=\"180\" \/><span class=\"rl-gallery-caption\"><span class=\"rl-gallery-item-caption\">Bomba Vacuo Edwards<\/span><\/span><\/a> <\/div> <\/div> <div class=\"rl-gallery-item\" > <div class=\"rl-gallery-item-content\"> <a href=\"https:\/\/www.antoniomrguerra.com\/pt\/wp-content\/uploads\/2020\/04\/DSC06294.jpg\" title=\"\" data-rl_title=\"\" class=\"rl-gallery-link\" data-rl_caption=\"Bomba Rietschle Elmo\" data-rel=\"lightbox-gallery-1\"><img loading=\"lazy\" decoding=\"async\" src=\"https:\/\/www.antoniomrguerra.com\/pt\/wp-content\/uploads\/2020\/04\/DSC06294-300x225.jpg\" width=\"300\" height=\"225\" \/><span class=\"rl-gallery-caption\"><span class=\"rl-gallery-item-caption\">Bomba Rietschle Elmo<\/span><\/span><\/a> <\/div> <\/div> <div class=\"rl-gallery-item\" > <div class=\"rl-gallery-item-content\"> <a href=\"https:\/\/www.antoniomrguerra.com\/pt\/wp-content\/uploads\/2020\/04\/P5030098.jpg\" title=\"\" data-rl_title=\"\" class=\"rl-gallery-link\" data-rl_caption=\"\" data-rel=\"lightbox-gallery-1\"><img loading=\"lazy\" decoding=\"async\" src=\"https:\/\/www.antoniomrguerra.com\/pt\/wp-content\/uploads\/2020\/04\/P5030098-300x225.jpg\" width=\"300\" height=\"225\" \/><\/a> <\/div> <\/div> <div class=\"rl-gallery-item\" > <div class=\"rl-gallery-item-content\"> <a href=\"https:\/\/www.antoniomrguerra.com\/pt\/wp-content\/uploads\/2020\/04\/IMAG3459.jpg\" title=\"\" data-rl_title=\"\" class=\"rl-gallery-link\" data-rl_caption=\"Bomba Vacuo Edwards\" data-rel=\"lightbox-gallery-1\"><img loading=\"lazy\" decoding=\"async\" src=\"https:\/\/www.antoniomrguerra.com\/pt\/wp-content\/uploads\/2020\/04\/IMAG3459-300x180.jpg\" width=\"300\" height=\"180\" \/><span class=\"rl-gallery-caption\"><span class=\"rl-gallery-item-caption\">Bomba Vacuo Edwards<\/span><\/span><\/a> <\/div> <\/div> <div class=\"rl-gallery-item\" > <div class=\"rl-gallery-item-content\"> <a href=\"https:\/\/www.antoniomrguerra.com\/pt\/wp-content\/uploads\/2020\/04\/IMAG2854.jpg\" title=\"\" data-rl_title=\"\" class=\"rl-gallery-link\" data-rl_caption=\"Bomba Vacuo Oerlikon Leybold\" data-rel=\"lightbox-gallery-1\"><img loading=\"lazy\" decoding=\"async\" src=\"https:\/\/www.antoniomrguerra.com\/pt\/wp-content\/uploads\/2020\/04\/IMAG2854-169x300.jpg\" width=\"169\" height=\"300\" \/><span class=\"rl-gallery-caption\"><span class=\"rl-gallery-item-caption\">Bomba Vacuo Oerlikon Leybold<\/span><\/span><\/a> <\/div> <\/div> <div class=\"rl-gallery-item\" > <div class=\"rl-gallery-item-content\"> <a href=\"https:\/\/www.antoniomrguerra.com\/pt\/wp-content\/uploads\/2020\/04\/DSC06223.jpg\" title=\"\" data-rl_title=\"\" class=\"rl-gallery-link\" data-rl_caption=\"Bomba Vacuo Rietschle Elmo\" data-rel=\"lightbox-gallery-1\"><img loading=\"lazy\" decoding=\"async\" src=\"https:\/\/www.antoniomrguerra.com\/pt\/wp-content\/uploads\/2020\/04\/DSC06223-300x225.jpg\" width=\"300\" height=\"225\" \/><span class=\"rl-gallery-caption\"><span class=\"rl-gallery-item-caption\">Bomba Vacuo Rietschle Elmo<\/span><\/span><\/a> <\/div> <\/div> <div class=\"rl-gallery-item\" > <div class=\"rl-gallery-item-content\"> <a href=\"https:\/\/www.antoniomrguerra.com\/pt\/wp-content\/uploads\/2020\/04\/IMAG3383.jpg\" title=\"\" data-rl_title=\"\" class=\"rl-gallery-link\" data-rl_caption=\"Model 2-G Edwards VACUSTAT McLEOD\" data-rel=\"lightbox-gallery-1\"><img loading=\"lazy\" decoding=\"async\" src=\"https:\/\/www.antoniomrguerra.com\/pt\/wp-content\/uploads\/2020\/04\/IMAG3383-180x300.jpg\" width=\"180\" height=\"300\" \/><span class=\"rl-gallery-caption\"><span class=\"rl-gallery-item-caption\">Model 2-G Edwards VACUSTAT McLEOD<\/span><\/span><\/a> <\/div> <\/div> <div class=\"rl-gallery-item\" > <div class=\"rl-gallery-item-content\"> <a href=\"https:\/\/www.antoniomrguerra.com\/pt\/wp-content\/uploads\/2020\/04\/IMAG2989.jpg\" title=\"\" data-rl_title=\"\" class=\"rl-gallery-link\" data-rl_caption=\"Bomba Vacuo Edwards\" data-rel=\"lightbox-gallery-1\"><img loading=\"lazy\" decoding=\"async\" src=\"https:\/\/www.antoniomrguerra.com\/pt\/wp-content\/uploads\/2020\/04\/IMAG2989-300x180.jpg\" width=\"300\" height=\"180\" \/><span class=\"rl-gallery-caption\"><span class=\"rl-gallery-item-caption\">Bomba Vacuo Edwards<\/span><\/span><\/a> <\/div> <\/div> <\/div> <div class=\"rl-pagination rl-pagination-bottom\" data-button=\"manually\"><span aria-current=\"page\" class=\"page-numbers current\">1<\/span> <a class=\"page-numbers\" href=\"https:\/\/www.antoniomrguerra.com\/pt\/rl_gallery\/vacuo-manutencoes-reparacoes\/?rl_gallery_no=1&#038;rl_page=2\">2<\/a> <a class=\"page-numbers\" href=\"https:\/\/www.antoniomrguerra.com\/pt\/rl_gallery\/vacuo-manutencoes-reparacoes\/?rl_gallery_no=1&#038;rl_page=3\">3<\/a> <a class=\"page-numbers\" href=\"https:\/\/www.antoniomrguerra.com\/pt\/rl_gallery\/vacuo-manutencoes-reparacoes\/?rl_gallery_no=1&#038;rl_page=4\">4<\/a> <a class=\"next page-numbers\" href=\"https:\/\/www.antoniomrguerra.com\/pt\/rl_gallery\/vacuo-manutencoes-reparacoes\/?rl_gallery_no=1&#038;rl_page=2\">Next &raquo;<\/a><\/div><div class=\"rl-gallery-button\"><button class=\"rl-button rl-load-more\">Load more<\/button><\/div> <\/div><\/div>\n<\/div>\n<\/div><\/div>\n","protected":false},"excerpt":{"rendered":"","protected":false},"author":1,"featured_media":0,"parent":0,"menu_order":0,"comment_status":"closed","ping_status":"closed","template":"","meta":{"sfsi_plus_gutenberg_text_before_share":"","sfsi_plus_gutenberg_show_text_before_share":"","sfsi_plus_gutenberg_icon_type":"","sfsi_plus_gutenberg_icon_alignemt":"","sfsi_plus_gutenburg_max_per_row":"","neve_meta_sidebar":"full-width","neve_meta_container":"","neve_meta_enable_content_width":"on","neve_meta_content_width":100,"neve_meta_title_alignment":"","neve_meta_author_avatar":"","neve_post_elements_order":"","neve_meta_disable_header":"on","neve_meta_disable_footer":"on","neve_meta_disable_title":"","_themeisle_gutenberg_block_has_review":false,"footnotes":""},"class_list":["post-3092","page","type-page","status-publish","hentry"],"_links":{"self":[{"href":"https:\/\/www.antoniomrguerra.com\/pt\/wp-json\/wp\/v2\/pages\/3092","targetHints":{"allow":["GET"]}}],"collection":[{"href":"https:\/\/www.antoniomrguerra.com\/pt\/wp-json\/wp\/v2\/pages"}],"about":[{"href":"https:\/\/www.antoniomrguerra.com\/pt\/wp-json\/wp\/v2\/types\/page"}],"author":[{"embeddable":true,"href":"https:\/\/www.antoniomrguerra.com\/pt\/wp-json\/wp\/v2\/users\/1"}],"replies":[{"embeddable":true,"href":"https:\/\/www.antoniomrguerra.com\/pt\/wp-json\/wp\/v2\/comments?post=3092"}],"version-history":[{"count":4,"href":"https:\/\/www.antoniomrguerra.com\/pt\/wp-json\/wp\/v2\/pages\/3092\/revisions"}],"predecessor-version":[{"id":3159,"href":"https:\/\/www.antoniomrguerra.com\/pt\/wp-json\/wp\/v2\/pages\/3092\/revisions\/3159"}],"wp:attachment":[{"href":"https:\/\/www.antoniomrguerra.com\/pt\/wp-json\/wp\/v2\/media?parent=3092"}],"curies":[{"name":"wp","href":"https:\/\/api.w.org\/{rel}","templated":true}]}}