{"id":3097,"date":"2020-04-13T01:35:47","date_gmt":"2020-04-13T01:35:47","guid":{"rendered":"http:\/\/localhost\/meusite\/?page_id=3097"},"modified":"2020-04-13T13:21:02","modified_gmt":"2020-04-13T13:21:02","slug":"manutencao-reparacao-nautica","status":"publish","type":"page","link":"https:\/\/www.antoniomrguerra.com\/pt\/manutencao-reparacao-nautica\/","title":{"rendered":"Manuten\u00e7\u00e3o | Repara\u00e7\u00e3o Nautica"},"content":{"rendered":"\n<h6 id=\"wp-block-themeisle-blocks-advanced-heading-b7dcfd30\" class=\"wp-block-themeisle-blocks-advanced-heading wp-block-themeisle-blocks-advanced-heading-b7dcfd30\">Galeria de fotos de Repara\u00e7\u00f5es e Manuten\u00e7\u00f5es N\u00e1uticas efetuadas em Motores Maritimos<\/h6>\n\n\n\n<div class=\"wp-block-themeisle-blocks-advanced-columns has-1-columns has-desktop-equal-layout has-tablet-equal-layout has-mobile-equal-layout has-default-gap has-vertical-unset\" id=\"wp-block-themeisle-blocks-advanced-columns-b849ab16\"><div class=\"wp-block-themeisle-blocks-advanced-columns-overlay\"><\/div><div class=\"innerblocks-wrap\">\n<div class=\"wp-block-themeisle-blocks-advanced-column\" id=\"wp-block-themeisle-blocks-advanced-column-cd65cc33\">\n<div class=\"wp-block-responsive-lightbox-gallery\"><div class=\"rl-gallery-container rl-loading rl-pagination-infinite\" id=\"rl-gallery-container-1\" data-gallery_id=\"2463\"> <div class=\"rl-gallery rl-basicmasonry-gallery rl-hover-effect-6 rl-hover-icon-2\" id=\"rl-gallery-1\" data-gallery_no=\"1\"> <div class=\"rl-gutter-sizer\"><\/div><div class=\"rl-grid-sizer\"><\/div> <div class=\"rl-gallery-item rl-gallery-item-width-4\" > <div class=\"rl-gallery-item-content\"> <a href=\"https:\/\/www.antoniomrguerra.com\/pt\/wp-content\/uploads\/2020\/04\/IMAG0869-1024x576.jpg\" title=\"\" data-rl_title=\"\" class=\"rl-gallery-link\" data-rl_caption=\"Repara\u00e7\u00e3o Mercruiser 4.2 Diesel\" data-rel=\"lightbox-gallery-1\"><img loading=\"lazy\" decoding=\"async\" src=\"https:\/\/www.antoniomrguerra.com\/pt\/wp-content\/uploads\/2020\/04\/IMAG0869-300x169.jpg\" width=\"300\" height=\"169\" \/><span class=\"rl-gallery-caption\"><span class=\"rl-gallery-item-caption\">Repara\u00e7\u00e3o Mercruiser 4.2 Diesel<\/span><\/span><\/a> <\/div> <\/div> <div class=\"rl-gallery-item\" > <div class=\"rl-gallery-item-content\"> <a href=\"https:\/\/www.antoniomrguerra.com\/pt\/wp-content\/uploads\/2020\/04\/DSC00191.jpg\" title=\"\" data-rl_title=\"\" class=\"rl-gallery-link\" data-rl_caption=\"Manuten\u00e7\u00e3o Evinrude 115 Hp Ficht\" data-rel=\"lightbox-gallery-1\"><img loading=\"lazy\" decoding=\"async\" src=\"https:\/\/www.antoniomrguerra.com\/pt\/wp-content\/uploads\/2020\/04\/DSC00191-300x225.jpg\" width=\"300\" height=\"225\" \/><span class=\"rl-gallery-caption\"><span class=\"rl-gallery-item-caption\">Manuten\u00e7\u00e3o Evinrude 115 Hp Ficht<\/span><\/span><\/a> <\/div> <\/div> <div class=\"rl-gallery-item\" > <div class=\"rl-gallery-item-content\"> <a href=\"https:\/\/www.antoniomrguerra.com\/pt\/wp-content\/uploads\/2020\/04\/IMAG4383-1024x576.jpg\" title=\"\" data-rl_title=\"\" class=\"rl-gallery-link\" data-rl_caption=\"Manuten\u00e7\u00e3o Suzuki 250 v6\" data-rel=\"lightbox-gallery-1\"><img loading=\"lazy\" decoding=\"async\" src=\"https:\/\/www.antoniomrguerra.com\/pt\/wp-content\/uploads\/2020\/04\/IMAG4383-300x169.jpg\" width=\"300\" height=\"169\" \/><span class=\"rl-gallery-caption\"><span class=\"rl-gallery-item-caption\">Manuten\u00e7\u00e3o Suzuki 250 v6<\/span><\/span><\/a> <\/div> <\/div> <div class=\"rl-gallery-item\" > <div class=\"rl-gallery-item-content\"> <a href=\"https:\/\/www.antoniomrguerra.com\/pt\/wp-content\/uploads\/2020\/04\/dados-5.0-MPI.png\" title=\"\" data-rl_title=\"\" class=\"rl-gallery-link\" data-rl_caption=\"Parametros de calibra\u00e7\u00e3o armazenados em ECM Mercury\" data-rel=\"lightbox-gallery-1\"><img loading=\"lazy\" decoding=\"async\" src=\"https:\/\/www.antoniomrguerra.com\/pt\/wp-content\/uploads\/2020\/04\/dados-5.0-MPI-300x169.png\" width=\"300\" height=\"169\" \/><span class=\"rl-gallery-caption\"><span class=\"rl-gallery-item-caption\">Parametros de calibra\u00e7\u00e3o armazenados em ECM Mercury<\/span><\/span><\/a> <\/div> <\/div> <div class=\"rl-gallery-item\" > <div class=\"rl-gallery-item-content\"> <a href=\"https:\/\/www.antoniomrguerra.com\/pt\/wp-content\/uploads\/2020\/04\/IMAG4559.jpg\" title=\"\" data-rl_title=\"\" class=\"rl-gallery-link\" data-rl_caption=\"Revis\u00e3o anual Mercury 150Hp\" data-rel=\"lightbox-gallery-1\"><img loading=\"lazy\" decoding=\"async\" src=\"https:\/\/www.antoniomrguerra.com\/pt\/wp-content\/uploads\/2020\/04\/IMAG4559-169x300.jpg\" width=\"169\" height=\"300\" \/><span class=\"rl-gallery-caption\"><span class=\"rl-gallery-item-caption\">Revis\u00e3o anual Mercury 150Hp<\/span><\/span><\/a> <\/div> <\/div> <div class=\"rl-gallery-item\" > <div class=\"rl-gallery-item-content\"> <a href=\"https:\/\/www.antoniomrguerra.com\/pt\/wp-content\/uploads\/2020\/04\/DSC00189.jpg\" title=\"\" data-rl_title=\"\" class=\"rl-gallery-link\" data-rl_caption=\"Manuten\u00e7\u00e3o Evinrude 115 Hp Ficht\" data-rel=\"lightbox-gallery-1\"><img loading=\"lazy\" decoding=\"async\" src=\"https:\/\/www.antoniomrguerra.com\/pt\/wp-content\/uploads\/2020\/04\/DSC00189-300x225.jpg\" width=\"300\" height=\"225\" \/><span class=\"rl-gallery-caption\"><span class=\"rl-gallery-item-caption\">Manuten\u00e7\u00e3o Evinrude 115 Hp Ficht<\/span><\/span><\/a> <\/div> <\/div> <div class=\"rl-gallery-item\" > <div class=\"rl-gallery-item-content\"> <a href=\"https:\/\/www.antoniomrguerra.com\/pt\/wp-content\/uploads\/2020\/04\/DSC06897.jpg\" title=\"\" data-rl_title=\"\" class=\"rl-gallery-link\" data-rl_caption=\"Repara\u00e7\u00e3o Mercruiser 4.3 V6\" data-rel=\"lightbox-gallery-1\"><img loading=\"lazy\" decoding=\"async\" src=\"https:\/\/www.antoniomrguerra.com\/pt\/wp-content\/uploads\/2020\/04\/DSC06897-300x225.jpg\" width=\"300\" height=\"225\" \/><span class=\"rl-gallery-caption\"><span class=\"rl-gallery-item-caption\">Repara\u00e7\u00e3o Mercruiser 4.3 V6<\/span><\/span><\/a> <\/div> <\/div> <div class=\"rl-gallery-item\" > <div class=\"rl-gallery-item-content\"> <a href=\"https:\/\/www.antoniomrguerra.com\/pt\/wp-content\/uploads\/2020\/04\/IMAG2549-1024x576.jpg\" title=\"\" data-rl_title=\"\" class=\"rl-gallery-link\" data-rl_caption=\"Manuten\u00e7\u00e3o 2 Volvo Penta KAD43\" data-rel=\"lightbox-gallery-1\"><img loading=\"lazy\" decoding=\"async\" src=\"https:\/\/www.antoniomrguerra.com\/pt\/wp-content\/uploads\/2020\/04\/IMAG2549-300x169.jpg\" width=\"300\" height=\"169\" \/><span class=\"rl-gallery-caption\"><span class=\"rl-gallery-item-caption\">Manuten\u00e7\u00e3o 2 Volvo Penta KAD43<\/span><\/span><\/a> <\/div> <\/div> <div class=\"rl-gallery-item\" > <div class=\"rl-gallery-item-content\"> <a href=\"https:\/\/www.antoniomrguerra.com\/pt\/wp-content\/uploads\/2020\/04\/DSC06625.jpg\" title=\"\" data-rl_title=\"\" class=\"rl-gallery-link\" data-rl_caption=\"Manuten\u00e7\u00e3o Mercury 50Hp\" data-rel=\"lightbox-gallery-1\"><img loading=\"lazy\" decoding=\"async\" src=\"https:\/\/www.antoniomrguerra.com\/pt\/wp-content\/uploads\/2020\/04\/DSC06625-300x225.jpg\" width=\"300\" height=\"225\" \/><span class=\"rl-gallery-caption\"><span class=\"rl-gallery-item-caption\">Manuten\u00e7\u00e3o Mercury 50Hp<\/span><\/span><\/a> <\/div> <\/div> <div class=\"rl-gallery-item\" > <div class=\"rl-gallery-item-content\"> <a href=\"https:\/\/www.antoniomrguerra.com\/pt\/wp-content\/uploads\/2020\/04\/IMAG2168-1024x576.jpg\" title=\"\" data-rl_title=\"\" class=\"rl-gallery-link\" data-rl_caption=\"Repara\u00e7\u00f5es em v\u00e1rios Motores Mercruiser em Simultaneo Gasolina e Diesel\" data-rel=\"lightbox-gallery-1\"><img loading=\"lazy\" decoding=\"async\" src=\"https:\/\/www.antoniomrguerra.com\/pt\/wp-content\/uploads\/2020\/04\/IMAG2168-300x169.jpg\" width=\"300\" height=\"169\" \/><span class=\"rl-gallery-caption\"><span class=\"rl-gallery-item-caption\">Repara\u00e7\u00f5es em v\u00e1rios Motores Mercruiser em Simultaneo Gasolina e Diesel<\/span><\/span><\/a> <\/div> <\/div> <div class=\"rl-gallery-item\" > <div class=\"rl-gallery-item-content\"> <a href=\"https:\/\/www.antoniomrguerra.com\/pt\/wp-content\/uploads\/2020\/04\/IMAG213105-1024x567.png\" title=\"\" data-rl_title=\"\" class=\"rl-gallery-link\" data-rl_caption=\"Manuten\u00e7\u00e3o 2 Evinrude E-Tec V6 250Hp\" data-rel=\"lightbox-gallery-1\"><img loading=\"lazy\" decoding=\"async\" src=\"https:\/\/www.antoniomrguerra.com\/pt\/wp-content\/uploads\/2020\/04\/IMAG213105-300x166.png\" width=\"300\" height=\"166\" \/><span class=\"rl-gallery-caption\"><span class=\"rl-gallery-item-caption\">Manuten\u00e7\u00e3o 2 Evinrude E-Tec V6 250Hp<\/span><\/span><\/a> <\/div> <\/div> <div class=\"rl-gallery-item\" > <div class=\"rl-gallery-item-content\"> <a href=\"https:\/\/www.antoniomrguerra.com\/pt\/wp-content\/uploads\/2020\/04\/IMAG0747-1024x576.jpg\" title=\"\" data-rl_title=\"\" class=\"rl-gallery-link\" data-rl_caption=\"Manuten\u00e7\u00e3o Yanmar\" data-rel=\"lightbox-gallery-1\"><img loading=\"lazy\" decoding=\"async\" src=\"https:\/\/www.antoniomrguerra.com\/pt\/wp-content\/uploads\/2020\/04\/IMAG0747-300x169.jpg\" width=\"300\" height=\"169\" \/><span class=\"rl-gallery-caption\"><span class=\"rl-gallery-item-caption\">Manuten\u00e7\u00e3o Yanmar<\/span><\/span><\/a> <\/div> <\/div> <div class=\"rl-gallery-item\" > <div class=\"rl-gallery-item-content\"> <a href=\"https:\/\/www.antoniomrguerra.com\/pt\/wp-content\/uploads\/2020\/04\/IMAG3984-1024x576.jpg\" title=\"\" data-rl_title=\"\" class=\"rl-gallery-link\" data-rl_caption=\"Substitui\u00e7\u00e3o Bomba \u00e1gua Jabsco em Veleiro equipado com Motor FORD\" data-rel=\"lightbox-gallery-1\"><img loading=\"lazy\" decoding=\"async\" src=\"https:\/\/www.antoniomrguerra.com\/pt\/wp-content\/uploads\/2020\/04\/IMAG3984-300x169.jpg\" width=\"300\" height=\"169\" \/><span class=\"rl-gallery-caption\"><span class=\"rl-gallery-item-caption\">Substitui\u00e7\u00e3o Bomba \u00e1gua Jabsco em Veleiro equipado com Motor FORD<\/span><\/span><\/a> <\/div> <\/div> <div class=\"rl-gallery-item\" > <div class=\"rl-gallery-item-content\"> <a href=\"https:\/\/www.antoniomrguerra.com\/pt\/wp-content\/uploads\/2020\/04\/IMAG4604.jpg\" title=\"\" data-rl_title=\"\" class=\"rl-gallery-link\" data-rl_caption=\"Johnson 150Hp V6 em banco de teste\" data-rel=\"lightbox-gallery-1\"><img loading=\"lazy\" decoding=\"async\" src=\"https:\/\/www.antoniomrguerra.com\/pt\/wp-content\/uploads\/2020\/04\/IMAG4604-180x300.jpg\" width=\"180\" height=\"300\" \/><span class=\"rl-gallery-caption\"><span class=\"rl-gallery-item-caption\">Johnson 150Hp V6 em banco de teste<\/span><\/span><\/a> <\/div> <\/div> <div class=\"rl-gallery-item\" > <div class=\"rl-gallery-item-content\"> <a href=\"https:\/\/www.antoniomrguerra.com\/pt\/wp-content\/uploads\/2020\/04\/IMAG0052-1024x576.jpg\" title=\"\" data-rl_title=\"\" class=\"rl-gallery-link\" data-rl_caption=\"Instala\u00e7\u00e3o de motor Mercury 25Hp novo comandos em Rescue Boat\" data-rel=\"lightbox-gallery-1\"><img loading=\"lazy\" decoding=\"async\" src=\"https:\/\/www.antoniomrguerra.com\/pt\/wp-content\/uploads\/2020\/04\/IMAG0052-300x169.jpg\" width=\"300\" height=\"169\" \/><span class=\"rl-gallery-caption\"><span class=\"rl-gallery-item-caption\">Instala\u00e7\u00e3o de motor Mercury 25Hp novo comandos em Rescue Boat<\/span><\/span><\/a> <\/div> <\/div> <div class=\"rl-gallery-item\" > <div class=\"rl-gallery-item-content\"> <a href=\"https:\/\/www.antoniomrguerra.com\/pt\/wp-content\/uploads\/2020\/04\/IMAG3695-1024x576.jpg\" title=\"\" data-rl_title=\"\" class=\"rl-gallery-link\" data-rl_caption=\"Repara\u00e7\u00e3o 2 Volvo Penta 6 cilindros\" data-rel=\"lightbox-gallery-1\"><img loading=\"lazy\" decoding=\"async\" src=\"https:\/\/www.antoniomrguerra.com\/pt\/wp-content\/uploads\/2020\/04\/IMAG3695-300x169.jpg\" width=\"300\" height=\"169\" \/><span class=\"rl-gallery-caption\"><span class=\"rl-gallery-item-caption\">Repara\u00e7\u00e3o 2 Volvo Penta 6 cilindros<\/span><\/span><\/a> <\/div> <\/div> <div class=\"rl-gallery-item\" > <div class=\"rl-gallery-item-content\"> <a href=\"https:\/\/www.antoniomrguerra.com\/pt\/wp-content\/uploads\/2020\/04\/IMAG0289-1024x576.jpg\" title=\"\" data-rl_title=\"\" class=\"rl-gallery-link\" data-rl_caption=\"Aferi\u00e7\u00e3o de press\u00e3o combustivel\" data-rel=\"lightbox-gallery-1\"><img loading=\"lazy\" decoding=\"async\" src=\"https:\/\/www.antoniomrguerra.com\/pt\/wp-content\/uploads\/2020\/04\/IMAG0289-300x169.jpg\" width=\"300\" height=\"169\" \/><span class=\"rl-gallery-caption\"><span class=\"rl-gallery-item-caption\">Aferi\u00e7\u00e3o de press\u00e3o combustivel<\/span><\/span><\/a> <\/div> <\/div> <div class=\"rl-gallery-item\" > <div class=\"rl-gallery-item-content\"> <a href=\"https:\/\/www.antoniomrguerra.com\/pt\/wp-content\/uploads\/2020\/04\/IMAG0672-1024x576.jpg\" title=\"\" data-rl_title=\"\" class=\"rl-gallery-link\" data-rl_caption=\"Motor de arranque substituido\" data-rel=\"lightbox-gallery-1\"><img loading=\"lazy\" decoding=\"async\" src=\"https:\/\/www.antoniomrguerra.com\/pt\/wp-content\/uploads\/2020\/04\/IMAG0672-300x169.jpg\" width=\"300\" height=\"169\" \/><span class=\"rl-gallery-caption\"><span class=\"rl-gallery-item-caption\">Motor de arranque substituido<\/span><\/span><\/a> <\/div> <\/div> <div class=\"rl-gallery-item\" > <div class=\"rl-gallery-item-content\"> <a href=\"https:\/\/www.antoniomrguerra.com\/pt\/wp-content\/uploads\/2020\/04\/IMAG1988-1024x576.jpg\" title=\"\" data-rl_title=\"\" class=\"rl-gallery-link\" data-rl_caption=\"Repara\u00e7\u00e3o Mercruiser 6.2 (Misfire)\" data-rel=\"lightbox-gallery-1\"><img loading=\"lazy\" decoding=\"async\" src=\"https:\/\/www.antoniomrguerra.com\/pt\/wp-content\/uploads\/2020\/04\/IMAG1988-300x169.jpg\" width=\"300\" height=\"169\" \/><span class=\"rl-gallery-caption\"><span class=\"rl-gallery-item-caption\">Repara\u00e7\u00e3o Mercruiser 6.2 (Misfire)<\/span><\/span><\/a> <\/div> <\/div> <div class=\"rl-gallery-item\" > <div class=\"rl-gallery-item-content\"> <a href=\"https:\/\/www.antoniomrguerra.com\/pt\/wp-content\/uploads\/2020\/04\/IMAG2054-1024x576.jpg\" title=\"\" data-rl_title=\"\" class=\"rl-gallery-link\" data-rl_caption=\"Repara\u00e7\u00e3o de sistema de arrefecimento de fora de borda\" data-rel=\"lightbox-gallery-1\"><img loading=\"lazy\" decoding=\"async\" src=\"https:\/\/www.antoniomrguerra.com\/pt\/wp-content\/uploads\/2020\/04\/IMAG2054-300x169.jpg\" width=\"300\" height=\"169\" \/><span class=\"rl-gallery-caption\"><span class=\"rl-gallery-item-caption\">Repara\u00e7\u00e3o de sistema de arrefecimento de fora de borda<\/span><\/span><\/a> <\/div> <\/div> <\/div> <div class=\"rl-pagination rl-pagination-bottom\" data-button=\"manually\"><span aria-current=\"page\" class=\"page-numbers current\">1<\/span> <a class=\"page-numbers\" href=\"https:\/\/www.antoniomrguerra.com\/pt\/rl_gallery\/nautica-manutencoes-reparacoes\/?rl_gallery_no=1&#038;rl_page=2\">2<\/a> <a class=\"page-numbers\" href=\"https:\/\/www.antoniomrguerra.com\/pt\/rl_gallery\/nautica-manutencoes-reparacoes\/?rl_gallery_no=1&#038;rl_page=3\">3<\/a> <span class=\"page-numbers dots\">&hellip;<\/span> <a class=\"page-numbers\" href=\"https:\/\/www.antoniomrguerra.com\/pt\/rl_gallery\/nautica-manutencoes-reparacoes\/?rl_gallery_no=1&#038;rl_page=6\">6<\/a> <a class=\"next page-numbers\" href=\"https:\/\/www.antoniomrguerra.com\/pt\/rl_gallery\/nautica-manutencoes-reparacoes\/?rl_gallery_no=1&#038;rl_page=2\">Next &raquo;<\/a><\/div><div class=\"rl-gallery-button\"><button class=\"rl-button rl-load-more\">Load more<\/button><\/div> <\/div><\/div>\n<\/div>\n<\/div><\/div>\n","protected":false},"excerpt":{"rendered":"","protected":false},"author":1,"featured_media":0,"parent":0,"menu_order":0,"comment_status":"closed","ping_status":"closed","template":"","meta":{"sfsi_plus_gutenberg_text_before_share":"","sfsi_plus_gutenberg_show_text_before_share":"","sfsi_plus_gutenberg_icon_type":"","sfsi_plus_gutenberg_icon_alignemt":"","sfsi_plus_gutenburg_max_per_row":"","neve_meta_sidebar":"full-width","neve_meta_container":"","neve_meta_enable_content_width":"on","neve_meta_content_width":100,"neve_meta_title_alignment":"","neve_meta_author_avatar":"","neve_post_elements_order":"","neve_meta_disable_header":"on","neve_meta_disable_footer":"on","neve_meta_disable_title":"","_themeisle_gutenberg_block_has_review":false,"footnotes":""},"class_list":["post-3097","page","type-page","status-publish","hentry"],"_links":{"self":[{"href":"https:\/\/www.antoniomrguerra.com\/pt\/wp-json\/wp\/v2\/pages\/3097","targetHints":{"allow":["GET"]}}],"collection":[{"href":"https:\/\/www.antoniomrguerra.com\/pt\/wp-json\/wp\/v2\/pages"}],"about":[{"href":"https:\/\/www.antoniomrguerra.com\/pt\/wp-json\/wp\/v2\/types\/page"}],"author":[{"embeddable":true,"href":"https:\/\/www.antoniomrguerra.com\/pt\/wp-json\/wp\/v2\/users\/1"}],"replies":[{"embeddable":true,"href":"https:\/\/www.antoniomrguerra.com\/pt\/wp-json\/wp\/v2\/comments?post=3097"}],"version-history":[{"count":3,"href":"https:\/\/www.antoniomrguerra.com\/pt\/wp-json\/wp\/v2\/pages\/3097\/revisions"}],"predecessor-version":[{"id":3157,"href":"https:\/\/www.antoniomrguerra.com\/pt\/wp-json\/wp\/v2\/pages\/3097\/revisions\/3157"}],"wp:attachment":[{"href":"https:\/\/www.antoniomrguerra.com\/pt\/wp-json\/wp\/v2\/media?parent=3097"}],"curies":[{"name":"wp","href":"https:\/\/api.w.org\/{rel}","templated":true}]}}