{"id":38,"date":"2020-03-24T12:51:58","date_gmt":"2020-03-24T12:51:58","guid":{"rendered":"http:\/\/localhost\/meusite\/?page_id=38"},"modified":"2023-10-16T14:40:06","modified_gmt":"2023-10-16T14:40:06","slug":"tabelas-preco","status":"publish","type":"page","link":"https:\/\/www.antoniomrguerra.com\/pt\/tabelas-preco\/","title":{"rendered":"Tabelas Pre\u00e7o"},"content":{"rendered":"\n<p>Listas de pre\u00e7os referenciais dos produtos que comercializamos para descarga ou simples consulta. As tabelas aqui publicadas poder\u00e3o n\u00e3o se encontrar atualizadas pelo que deve sempre que tenha interesse em algum produto solicitar a cota\u00e7\u00e3o formal.<\/p>\n\n\n\n<div class=\"wp-block-themeisle-blocks-advanced-columns has-3-columns has-desktop-equal-layout has-tablet-equal-layout has-mobile-collapsedRows-layout has-default-gap has-vertical-unset\" id=\"wp-block-themeisle-blocks-advanced-columns-c7c77e2f\"><div class=\"wp-block-themeisle-blocks-advanced-columns-overlay\"><\/div><div class=\"innerblocks-wrap\">\n<div class=\"wp-block-themeisle-blocks-advanced-column\" id=\"wp-block-themeisle-blocks-advanced-column-ca8c1dd1\">\n<h2 class=\"wp-block-heading\"><strong>MOTORES<\/strong><\/h2>\n\n\n\n<p><img loading=\"lazy\" decoding=\"async\" width=\"120\" height=\"30\" class=\"wp-image-2236\" style=\"width: 120px;\" src=\"http:\/\/www.antoniomrguerra.com\/wp-content\/uploads\/2020\/04\/Mercury_Logo_Lockup.jpg\" alt=\"\" srcset=\"https:\/\/www.antoniomrguerra.com\/pt\/wp-content\/uploads\/2020\/04\/Mercury_Logo_Lockup.jpg 1200w, https:\/\/www.antoniomrguerra.com\/pt\/wp-content\/uploads\/2020\/04\/Mercury_Logo_Lockup-300x76.jpg 300w, https:\/\/www.antoniomrguerra.com\/pt\/wp-content\/uploads\/2020\/04\/Mercury_Logo_Lockup-1024x259.jpg 1024w, https:\/\/www.antoniomrguerra.com\/pt\/wp-content\/uploads\/2020\/04\/Mercury_Logo_Lockup-768x194.jpg 768w\" sizes=\"auto, (max-width: 120px) 100vw, 120px\" \/><br><strong>Mercury fora de bordo<\/strong><br>&#8211; <a rel=\"noreferrer noopener\" href=\"http:\/\/www.antoniomrguerra.com\/tabelas\/mercury\/MERCURY.pdf\" target=\"_blank\">4 Tempos<\/a> | <a rel=\"noreferrer noopener\" href=\"http:\/\/www.antoniomrguerra.com\/tabelas\/mercury\/MERCURY.pdf\" target=\"_blank\">Pro Xs<\/a> | <a rel=\"noreferrer noopener\" href=\"http:\/\/www.antoniomrguerra.com\/tabelas\/mercury\/MERCURY.pdf\" target=\"_blank\">Seapro<\/a><br>&#8211; <a rel=\"noreferrer noopener\" href=\"http:\/\/www.antoniomrguerra.com\/tabelas\/mercury\/MERCURY.pdf\" target=\"_blank\">Xpro (pot\u00eancia reduzida)<\/a><br>&#8211; <a rel=\"noreferrer noopener\" href=\"http:\/\/www.antoniomrguerra.com\/tabelas\/mercury\/MERCURY 2T.pdf\" target=\"_blank\">2 Tempos<\/a><br>&#8211; <a rel=\"noreferrer noopener\" href=\"http:\/\/www.antoniomrguerra.com\/tabelas\/mercury\/MERCURY-RACING.pdf\" target=\"_blank\">Mercury Racing<\/a><br>&#8211; <a href=\"https:\/\/www.antoniomrguerra.com\/tabelas\/mercury\/AVATOR.pdf\" data-type=\"link\" data-id=\"https:\/\/www.antoniomrguerra.com\/tabelas\/mercury\/AVATOR.pdf\">Mercury Electricos<\/a><\/p>\n\n\n\n<p><\/p>\n\n\n\n<p><img loading=\"lazy\" decoding=\"async\" width=\"150\" height=\"38\" class=\"wp-image-2249\" style=\"width: 150px;\" alt=\"\" src=\"http:\/\/www.antoniomrguerra.com\/wp-content\/uploads\/2020\/04\/logo_mercruiser.png\" srcset=\"https:\/\/www.antoniomrguerra.com\/pt\/wp-content\/uploads\/2020\/04\/logo_mercruiser.png 444w, https:\/\/www.antoniomrguerra.com\/pt\/wp-content\/uploads\/2020\/04\/logo_mercruiser-300x75.png 300w\" sizes=\"auto, (max-width: 150px) 100vw, 150px\" \/><br><strong>Mercruiser Gasolina<\/strong><br>&#8211; <a rel=\"noreferrer noopener\" href=\"http:\/\/www.antoniomrguerra.com\/tabelas\/mercruiser\/MCM DFB.pdf\" target=\"_blank\">Motores c\/ coluna Alpha\/Bravo<\/a><br>&#8211; <a rel=\"noreferrer noopener\" href=\"http:\/\/www.antoniomrguerra.com\/tabelas\/mercruiser\/MCM INT.pdf\" target=\"_blank\">Motores c\/ caixa tipo ZF<\/a><br>&#8211; <a href=\"http:\/\/www.antoniomrguerra.com\/tabelas\/mercruiser\/MCM DFB.pdf\" target=\"_blank\" rel=\"noreferrer noopener\">Motores Bobtail (pack s\u00f3 motor)<\/a><\/p>\n\n\n\n<p><img loading=\"lazy\" decoding=\"async\" width=\"120\" height=\"29\" class=\"wp-image-2245\" style=\"width: 120px;\" alt=\"\" src=\"http:\/\/www.antoniomrguerra.com\/wp-content\/uploads\/2020\/04\/logo_mdiesel.png\" srcset=\"https:\/\/www.antoniomrguerra.com\/pt\/wp-content\/uploads\/2020\/04\/logo_mdiesel.png 422w, https:\/\/www.antoniomrguerra.com\/pt\/wp-content\/uploads\/2020\/04\/logo_mdiesel-300x73.png 300w\" sizes=\"auto, (max-width: 120px) 100vw, 120px\" \/><br><strong>Mercruiser Diesel<\/strong><br>&#8211; <a rel=\"noreferrer noopener\" href=\"http:\/\/www.antoniomrguerra.com\/tabelas\/mercruiser\/Diesel\/DIESEL DFB.pdf\" target=\"_blank\">Motores c\/ coluna Alpha\/Bravo<\/a><br>&#8211; <a rel=\"noreferrer noopener\" href=\"http:\/\/www.antoniomrguerra.com\/tabelas\/mercruiser\/Diesel\/DIESEL INT.pdf\" target=\"_blank\">Motores c\/ caixa tipo ZF<\/a><br>&#8211; <a href=\"http:\/\/www.antoniomrguerra.com\/tabelas\/mercruiser\/Diesel\/DIESEL DFB.pdf\" target=\"_blank\" rel=\"noreferrer noopener\">Motores Bobtail (pack s\u00f3 motor)<\/a><\/p>\n\n\n\n<p><img loading=\"lazy\" decoding=\"async\" width=\"110\" height=\"14\" class=\"wp-image-2244\" style=\"width: 110px;\" alt=\"\" src=\"http:\/\/www.antoniomrguerra.com\/wp-content\/uploads\/2020\/04\/motorguide.png\" srcset=\"https:\/\/www.antoniomrguerra.com\/pt\/wp-content\/uploads\/2020\/04\/motorguide.png 596w, https:\/\/www.antoniomrguerra.com\/pt\/wp-content\/uploads\/2020\/04\/motorguide-300x38.png 300w\" sizes=\"auto, (max-width: 110px) 100vw, 110px\" \/><br><strong>Motorguide<\/strong><br> &#8211;<a href=\"http:\/\/www.antoniomrguerra.com\/tabelas\/motorguide\/MOTORGUIDE.pdf\" target=\"_blank\" rel=\"noreferrer noopener\">Motores electricos<\/a><\/p>\n<\/div>\n\n\n\n<div class=\"wp-block-themeisle-blocks-advanced-column\" id=\"wp-block-themeisle-blocks-advanced-column-316d082d\">\n<div class=\"wp-block-group\"><div class=\"wp-block-group__inner-container is-layout-flow wp-block-group-is-layout-flow\">\n<h2 class=\"wp-block-heading\"><strong>EMBARCA\u00c7\u00d5ES<\/strong><\/h2>\n\n\n\n<p><img loading=\"lazy\" decoding=\"async\" width=\"120\" height=\"14\" class=\"wp-image-2237\" style=\"width: 120px;\" src=\"http:\/\/www.antoniomrguerra.com\/wp-content\/uploads\/2020\/04\/quicksilver_logo-e1542282094901-scaled.jpg\" alt=\"\" srcset=\"https:\/\/www.antoniomrguerra.com\/pt\/wp-content\/uploads\/2020\/04\/quicksilver_logo-e1542282094901-scaled.jpg 2560w, https:\/\/www.antoniomrguerra.com\/pt\/wp-content\/uploads\/2020\/04\/quicksilver_logo-e1542282094901-300x35.jpg 300w, https:\/\/www.antoniomrguerra.com\/pt\/wp-content\/uploads\/2020\/04\/quicksilver_logo-e1542282094901-1024x118.jpg 1024w, https:\/\/www.antoniomrguerra.com\/pt\/wp-content\/uploads\/2020\/04\/quicksilver_logo-e1542282094901-768x89.jpg 768w, https:\/\/www.antoniomrguerra.com\/pt\/wp-content\/uploads\/2020\/04\/quicksilver_logo-e1542282094901-1536x177.jpg 1536w, https:\/\/www.antoniomrguerra.com\/pt\/wp-content\/uploads\/2020\/04\/quicksilver_logo-e1542282094901-2048x236.jpg 2048w\" sizes=\"auto, (max-width: 120px) 100vw, 120px\" \/><br><strong>Embarca\u00e7\u00f5es Quicksilver(fibra)<\/strong><br>&#8211; <a rel=\"noreferrer noopener\" href=\"http:\/\/www.antoniomrguerra.com\/tabelas\/quicksilver\/ACTIV.pdf\" target=\"_blank\">Modelos Activ<\/a><br>&#8211; <a href=\"http:\/\/www.antoniomrguerra.com\/tabelas\/quicksilver\/ACTIV.pdf\" target=\"_blank\" rel=\"noreferrer noopener\">Modelos Captur<\/a><\/p>\n\n\n\n<p><img loading=\"lazy\" decoding=\"async\" width=\"125\" height=\"32\" class=\"wp-image-2250\" style=\"width: 125px;\" alt=\"\" src=\"http:\/\/www.antoniomrguerra.com\/wp-content\/uploads\/2020\/04\/logo_qs_ne.png\" srcset=\"https:\/\/www.antoniomrguerra.com\/pt\/wp-content\/uploads\/2020\/04\/logo_qs_ne.png 437w, https:\/\/www.antoniomrguerra.com\/pt\/wp-content\/uploads\/2020\/04\/logo_qs_ne-300x76.png 300w\" sizes=\"auto, (max-width: 125px) 100vw, 125px\" \/><br><strong>Embarca\u00e7\u00f5es  Pneum\u00e1ticas Mercury | Quicksilver<\/strong><br>&#8211; <a rel=\"noreferrer noopener\" href=\"http:\/\/www.antoniomrguerra.com\/tabelas\/quicksilver\/PNEUMATICAS PACK.pdf\" target=\"_blank\">Packs com e sem motor<\/a><\/p>\n\n\n\n<p><img loading=\"lazy\" decoding=\"async\" width=\"100\" height=\"18\" class=\"wp-image-2240\" style=\"width: 100px;\" src=\"http:\/\/www.antoniomrguerra.com\/wp-content\/uploads\/2020\/04\/Bayliner_Boats_logo.png\" alt=\"\" srcset=\"https:\/\/www.antoniomrguerra.com\/pt\/wp-content\/uploads\/2020\/04\/Bayliner_Boats_logo.png 919w, https:\/\/www.antoniomrguerra.com\/pt\/wp-content\/uploads\/2020\/04\/Bayliner_Boats_logo-300x54.png 300w, https:\/\/www.antoniomrguerra.com\/pt\/wp-content\/uploads\/2020\/04\/Bayliner_Boats_logo-768x138.png 768w\" sizes=\"auto, (max-width: 100px) 100vw, 100px\" \/><br><strong>Embarca\u00e7\u00f5es Bayliner<\/strong><br>&#8211; <a rel=\"noreferrer noopener\" href=\"http:\/\/www.antoniomrguerra.com\/tabelas\/bayliner\/BAYLINER.pdf\" target=\"_blank\">Pack com motor<\/a><br>&#8211; <a rel=\"noreferrer noopener\" href=\"http:\/\/www.antoniomrguerra.com\/tabelas\/bayliner\/HEYDAY.pdf\" target=\"_blank\">Modelos Heyday<\/a><\/p>\n\n\n\n<p><img loading=\"lazy\" decoding=\"async\" width=\"110\" height=\"33\" class=\"wp-image-3711\" style=\"width: 110px;\" src=\"https:\/\/www.antoniomrguerra.com\/pt\/wp-content\/uploads\/2021\/12\/Talamex-logo-1.png\" alt=\"\"><br><strong>Talamex<\/strong><br>&#8211; <a rel=\"noreferrer noopener\" href=\"http:\/\/www.antoniomrguerra.com\/tabelas\/talamex\/TALAMEX.pdf\" target=\"_blank\" data-type=\"URL\">Embarca\u00e7\u00f5es<\/a><\/p>\n\n\n\n<p><\/p>\n<\/div><\/div>\n<\/div>\n\n\n\n<div class=\"wp-block-themeisle-blocks-advanced-column\" id=\"wp-block-themeisle-blocks-advanced-column-997e1f6d\"><div class=\"wp-block-image is-style-default animated flipInX\">\n<figure class=\"aligncenter size-large\"><img loading=\"lazy\" decoding=\"async\" width=\"399\" height=\"564\" src=\"http:\/\/www.antoniomrguerra.com\/wp-content\/uploads\/2020\/04\/tabela.jpg\" alt=\"\" class=\"wp-image-2379\" srcset=\"https:\/\/www.antoniomrguerra.com\/pt\/wp-content\/uploads\/2020\/04\/tabela.jpg 399w, https:\/\/www.antoniomrguerra.com\/pt\/wp-content\/uploads\/2020\/04\/tabela-212x300.jpg 212w\" sizes=\"auto, (max-width: 399px) 100vw, 399px\" \/><\/figure>\n<\/div><\/div>\n<\/div><\/div>\n","protected":false},"excerpt":{"rendered":"<p>Listas de pre\u00e7os referenciais dos produtos que comercializamos para descarga ou simples consulta. As tabelas aqui publicadas poder\u00e3o n\u00e3o se encontrar atualizadas pelo que deve sempre que tenha interesse em algum produto solicitar a cota\u00e7\u00e3o formal.<\/p>\n","protected":false},"author":1,"featured_media":0,"parent":0,"menu_order":0,"comment_status":"closed","ping_status":"closed","template":"","meta":{"sfsi_plus_gutenberg_text_before_share":"","sfsi_plus_gutenberg_show_text_before_share":"","sfsi_plus_gutenberg_icon_type":"","sfsi_plus_gutenberg_icon_alignemt":"","sfsi_plus_gutenburg_max_per_row":"","neve_meta_sidebar":"default","neve_meta_container":"default","neve_meta_enable_content_width":"on","neve_meta_content_width":100,"neve_meta_title_alignment":"left","neve_meta_author_avatar":"","neve_post_elements_order":"","neve_meta_disable_header":"","neve_meta_disable_footer":"","neve_meta_disable_title":"","_themeisle_gutenberg_block_has_review":false,"footnotes":""},"class_list":["post-38","page","type-page","status-publish","hentry"],"_links":{"self":[{"href":"https:\/\/www.antoniomrguerra.com\/pt\/wp-json\/wp\/v2\/pages\/38","targetHints":{"allow":["GET"]}}],"collection":[{"href":"https:\/\/www.antoniomrguerra.com\/pt\/wp-json\/wp\/v2\/pages"}],"about":[{"href":"https:\/\/www.antoniomrguerra.com\/pt\/wp-json\/wp\/v2\/types\/page"}],"author":[{"embeddable":true,"href":"https:\/\/www.antoniomrguerra.com\/pt\/wp-json\/wp\/v2\/users\/1"}],"replies":[{"embeddable":true,"href":"https:\/\/www.antoniomrguerra.com\/pt\/wp-json\/wp\/v2\/comments?post=38"}],"version-history":[{"count":41,"href":"https:\/\/www.antoniomrguerra.com\/pt\/wp-json\/wp\/v2\/pages\/38\/revisions"}],"predecessor-version":[{"id":3887,"href":"https:\/\/www.antoniomrguerra.com\/pt\/wp-json\/wp\/v2\/pages\/38\/revisions\/3887"}],"wp:attachment":[{"href":"https:\/\/www.antoniomrguerra.com\/pt\/wp-json\/wp\/v2\/media?parent=38"}],"curies":[{"name":"wp","href":"https:\/\/api.w.org\/{rel}","templated":true}]}}