{"id":40,"date":"2020-03-24T12:51:58","date_gmt":"2020-03-24T12:51:58","guid":{"rendered":"http:\/\/localhost\/meusite\/?page_id=40"},"modified":"2024-01-22T13:33:30","modified_gmt":"2024-01-22T13:33:30","slug":"pecas","status":"publish","type":"page","link":"https:\/\/www.antoniomrguerra.com\/pt\/pecas\/","title":{"rendered":"Pe\u00e7as"},"content":{"rendered":"\n<p class=\"ticss-c6d7b57a\">Bem vindo a sec\u00e7\u00e3o de cat\u00e1logos de pe\u00e7as outboards e inboards online, atrav\u00e9s desta funcionalidade poder\u00e1 localizar refer\u00eancias das pe\u00e7as para o seu motor <strong>Mercury<\/strong>, <strong>Mariner<\/strong>, <strong>Mercruiser<\/strong>, <strong>Yamaha<\/strong>, <strong>Suzuki<\/strong>,  <strong>Johnson<\/strong>*, <strong>Evinrude*<\/strong>, <strong>Omc<\/strong>*, <strong>Penta Volvo<\/strong>, <strong>Honda<\/strong> e colocar-nos o seu pedido de cota\u00e7\u00e3o atrav\u00e9s do <a href=\"#wp-block-themeisle-blocks-advanced-columns-b6fcb9bf\">formul\u00e1rio no rodap\u00e9<\/a> desta p\u00e1gina ao qual lhe daremos a devida aten\u00e7\u00e3o e merecida resposta logo que nos seja poss\u00edvel. Atrav\u00e9s desde meio ter\u00e1 total controlo sobre  aquilo que realmente precisa ganhando desde logo tempo sobre a identifica\u00e7\u00e3o das pe\u00e7as.<\/p>\n\n\n\n<p><strong>Como deve proceder?<\/strong><\/p>\n\n\n\n<p class=\"ticss-71e520bb\">1- Click em baixo sobre a marca do seu motor de forma a aceder a nova p\u00e1gina com o respectivo catalogo pe\u00e7as.<br>2- Seleccione corretamente todos os dados do solicitados relativos ao modelo ou ano do seu motor e identifique pelas sec\u00e7\u00f5es esquem\u00e1ticas todas as refer\u00eancias das pe\u00e7as que necessita.<br>3- Anote todas as refer\u00eancias ou fa\u00e7a copy | paste para o formul\u00e1rio disponibilizado no final desta p\u00e1gina.<br>4- Submeta-nos o seu pedido de pre\u00e7os e em breve ter\u00e1 a cota\u00e7\u00e3o dispon\u00edvel no seu endere\u00e7o de email. <\/p>\n\n\n\n<p class=\"ticss-d03da1e9 has-text-color\" style=\"color:#be1f1a\">Nota: * Os motores EVINRUDE | JOHNSON | OMC s\u00e3o identificados atrav\u00e9s de criptografia do modelo gravado na chapa ou autocolante de identifica\u00e7\u00e3o do seu motor. Caso desconhe\u00e7a o ano fabrico do modelo do motor dever\u00e1 neste caso primeiramente visitar <strong><a href=\"http:\/\/www.antoniomrguerra.com\/descriptografar\/\" target=\"_blank\" rel=\"noreferrer noopener\">DESCRIPTOGRAFAR<\/a><\/strong> para obter o ano correspondente.<\/p>\n\n\n\n<div class=\"wp-block-themeisle-blocks-advanced-columns has-3-columns has-desktop-equal-layout has-tablet-equal-layout has-mobile-collapsedRows-layout has-default-gap has-vertical-unset\" id=\"wp-block-themeisle-blocks-advanced-columns-06b568c1\"><div class=\"wp-block-themeisle-blocks-advanced-columns-overlay\"><\/div><div class=\"innerblocks-wrap\">\n<div class=\"wp-block-themeisle-blocks-advanced-column animated slideInUp\" id=\"wp-block-themeisle-blocks-advanced-column-6e717a10\"><div class=\"wp-block-image\">\n<figure class=\"aligncenter size-large\"><img loading=\"lazy\" decoding=\"async\" width=\"572\" height=\"676\" src=\"http:\/\/www.antoniomrguerra.com\/wp-content\/uploads\/2020\/04\/pemerc.png\" alt=\"\" class=\"wp-image-2048\" srcset=\"https:\/\/www.antoniomrguerra.com\/pt\/wp-content\/uploads\/2020\/04\/pemerc.png 572w, https:\/\/www.antoniomrguerra.com\/pt\/wp-content\/uploads\/2020\/04\/pemerc-254x300.png 254w\" sizes=\"auto, (max-width: 572px) 100vw, 572px\" \/><\/figure>\n<\/div>\n\n\n<h6 id=\"wp-block-themeisle-blocks-advanced-heading-a81be575\" class=\"wp-block-themeisle-blocks-advanced-heading wp-block-themeisle-blocks-advanced-heading-a81be575\">Mercury | Mariner | Mercruiser<\/h6>\n\n\n\n<div class=\"wp-block-group\"><div class=\"wp-block-group__inner-container is-layout-flow wp-block-group-is-layout-flow\">\n<div class=\"wp-block-buttons is-content-justification-center is-layout-flex wp-container-core-buttons-is-layout-8057eaf3 wp-block-buttons-is-layout-flex\">\n<div class=\"wp-block-button is-style-outline animated shake is-style-outline--1\"><a class=\"wp-block-button__link has-text-color has-text-align-center wp-element-button\" href=\"https:\/\/public-mercurymarine.sysonline.com\/Default.aspx?sysname=NorthAmerica&amp;company=Guest&amp;NA_KEY=NA_KEY_VALUE&amp;langIF=eng&amp;langDB=eng\" style=\"border-radius:10px;color:#6f1d7c\" target=\"_blank\" rel=\"noreferrer noopener\">cat\u00e1logo Pe\u00e7as<\/a><\/div>\n<\/div>\n<\/div><\/div>\n<\/div>\n\n\n\n<div class=\"wp-block-themeisle-blocks-advanced-column animated slideInUp\" id=\"wp-block-themeisle-blocks-advanced-column-d9318f08\"><div class=\"wp-block-image\">\n<figure class=\"aligncenter size-large is-resized\"><img loading=\"lazy\" decoding=\"async\" width=\"572\" height=\"676\" src=\"http:\/\/www.antoniomrguerra.com\/wp-content\/uploads\/2020\/04\/pehonda.png\" alt=\"\" class=\"wp-image-2049\" style=\"width:257px;height:303px\" srcset=\"https:\/\/www.antoniomrguerra.com\/pt\/wp-content\/uploads\/2020\/04\/pehonda.png 572w, https:\/\/www.antoniomrguerra.com\/pt\/wp-content\/uploads\/2020\/04\/pehonda-254x300.png 254w\" sizes=\"auto, (max-width: 572px) 100vw, 572px\" \/><\/figure>\n<\/div>\n\n\n<h6 id=\"wp-block-themeisle-blocks-advanced-heading-31101b4b\" class=\"wp-block-themeisle-blocks-advanced-heading wp-block-themeisle-blocks-advanced-heading-31101b4b\">Honda<\/h6>\n\n\n\n<div class=\"wp-block-group\"><div class=\"wp-block-group__inner-container is-layout-constrained wp-block-group-is-layout-constrained\">\n<div class=\"wp-block-buttons is-content-justification-center is-layout-flex wp-container-core-buttons-is-layout-16018d1d wp-block-buttons-is-layout-flex\">\n<div class=\"wp-block-button is-style-outline animated shake is-style-outline--2\"><a class=\"wp-block-button__link has-text-color wp-element-button\" href=\"http:\/\/peparts.honda.com\/marine#\/browse\" style=\"border-radius:10px;color:#6f1d7c\" target=\"_blank\" rel=\"noreferrer noopener\">cat\u00e1logo Pe\u00e7as<\/a><\/div>\n<\/div>\n<\/div><\/div>\n<\/div>\n\n\n\n<div class=\"wp-block-themeisle-blocks-advanced-column animated slideInUp\" id=\"wp-block-themeisle-blocks-advanced-column-28d85f99\"><div class=\"wp-block-image\">\n<figure class=\"aligncenter size-large is-resized\"><img loading=\"lazy\" decoding=\"async\" width=\"572\" height=\"676\" src=\"http:\/\/www.antoniomrguerra.com\/wp-content\/uploads\/2020\/04\/peomc.png\" alt=\"\" class=\"wp-image-2050\" style=\"width:257px;height:303px\" srcset=\"https:\/\/www.antoniomrguerra.com\/pt\/wp-content\/uploads\/2020\/04\/peomc.png 572w, https:\/\/www.antoniomrguerra.com\/pt\/wp-content\/uploads\/2020\/04\/peomc-254x300.png 254w\" sizes=\"auto, (max-width: 572px) 100vw, 572px\" \/><\/figure>\n<\/div>\n\n\n<h6 id=\"wp-block-themeisle-blocks-advanced-heading-7f525270\" class=\"wp-block-themeisle-blocks-advanced-heading wp-block-themeisle-blocks-advanced-heading-7f525270\">Evinrude | Johnson | Omc<\/h6>\n\n\n\n<div class=\"wp-block-group\"><div class=\"wp-block-group__inner-container is-layout-flow wp-block-group-is-layout-flow\">\n<div class=\"wp-block-buttons is-content-justification-center is-layout-flex wp-container-core-buttons-is-layout-16018d1d wp-block-buttons-is-layout-flex\">\n<div class=\"wp-block-button is-style-outline animated shake is-style-outline--3\"><a class=\"wp-block-button__link has-text-color wp-element-button\" href=\"http:\/\/epc.brp.com\/login.aspx?ReturnUrl=default.aspx\" style=\"border-radius:10px;color:#6f1d7c\" target=\"_blank\" rel=\"noreferrer noopener\">cat\u00e1logo Pe\u00e7as<\/a><\/div>\n<\/div>\n<\/div><\/div>\n<\/div>\n<\/div><\/div>\n\n\n\n<div class=\"wp-block-themeisle-blocks-advanced-columns has-3-columns has-desktop-equal-layout has-tablet-equal-layout has-mobile-collapsedRows-layout has-default-gap has-vertical-unset\" id=\"wp-block-themeisle-blocks-advanced-columns-1d88c848\"><div class=\"wp-block-themeisle-blocks-advanced-columns-overlay\"><\/div><div class=\"innerblocks-wrap\">\n<div class=\"wp-block-themeisle-blocks-advanced-column animated slideInDown\" id=\"wp-block-themeisle-blocks-advanced-column-71ce31dc\"><div class=\"wp-block-image\">\n<figure class=\"aligncenter size-large\"><img loading=\"lazy\" decoding=\"async\" width=\"572\" height=\"676\" src=\"http:\/\/www.antoniomrguerra.com\/wp-content\/uploads\/2020\/04\/pesuzu.png\" alt=\"\" class=\"wp-image-2051\" srcset=\"https:\/\/www.antoniomrguerra.com\/pt\/wp-content\/uploads\/2020\/04\/pesuzu.png 572w, https:\/\/www.antoniomrguerra.com\/pt\/wp-content\/uploads\/2020\/04\/pesuzu-254x300.png 254w\" sizes=\"auto, (max-width: 572px) 100vw, 572px\" \/><\/figure>\n<\/div>\n\n\n<h6 id=\"wp-block-themeisle-blocks-advanced-heading-bde253e8\" class=\"wp-block-themeisle-blocks-advanced-heading wp-block-themeisle-blocks-advanced-heading-bde253e8\">Suzuki<br><\/h6>\n\n\n\n<div class=\"wp-block-group\"><div class=\"wp-block-group__inner-container is-layout-flow wp-block-group-is-layout-flow\">\n<div class=\"wp-block-buttons is-content-justification-center is-layout-flex wp-container-core-buttons-is-layout-16018d1d wp-block-buttons-is-layout-flex\">\n<div class=\"wp-block-button has-custom-width wp-block-button__width-75 is-style-outline animated shake is-style-outline--4\"><a class=\"wp-block-button__link has-text-color wp-element-button\" href=\"https:\/\/www.brownspoint.com\/t-bpmodels.aspx\" style=\"border-radius:10px;color:#6f1d7c\" target=\"_blank\" rel=\"noreferrer noopener\">cat\u00e1logo Pe\u00e7as<\/a><\/div>\n<\/div>\n<\/div><\/div>\n<\/div>\n\n\n\n<div class=\"wp-block-themeisle-blocks-advanced-column animated slideInDown\" id=\"wp-block-themeisle-blocks-advanced-column-7be7598a\"><div class=\"wp-block-image\">\n<figure class=\"aligncenter size-large\"><img loading=\"lazy\" decoding=\"async\" width=\"572\" height=\"676\" src=\"http:\/\/www.antoniomrguerra.com\/wp-content\/uploads\/2020\/04\/pevolvo-1.png\" alt=\"\" class=\"wp-image-2057\" srcset=\"https:\/\/www.antoniomrguerra.com\/pt\/wp-content\/uploads\/2020\/04\/pevolvo-1.png 572w, https:\/\/www.antoniomrguerra.com\/pt\/wp-content\/uploads\/2020\/04\/pevolvo-1-254x300.png 254w\" sizes=\"auto, (max-width: 572px) 100vw, 572px\" \/><\/figure>\n<\/div>\n\n\n<h6 id=\"wp-block-themeisle-blocks-advanced-heading-80ad84d3\" class=\"wp-block-themeisle-blocks-advanced-heading wp-block-themeisle-blocks-advanced-heading-80ad84d3\">Penta Volvo<br><\/h6>\n\n\n\n<div class=\"wp-block-buttons is-content-justification-center is-layout-flex wp-container-core-buttons-is-layout-16018d1d wp-block-buttons-is-layout-flex\">\n<div class=\"wp-block-button is-style-outline animated shake is-style-outline--5\"><a class=\"wp-block-button__link has-text-color wp-element-button\" href=\"https:\/\/www.marinepartseurope.com\/\" style=\"border-radius:10px;color:#6f1d7c\" target=\"_blank\" rel=\"noreferrer noopener\">cat\u00e1logo Pe\u00e7as<\/a><\/div>\n<\/div>\n<\/div>\n\n\n\n<div class=\"wp-block-themeisle-blocks-advanced-column animated slideInDown\" id=\"wp-block-themeisle-blocks-advanced-column-7f19da49\"><div class=\"wp-block-image\">\n<figure class=\"aligncenter size-large\"><img loading=\"lazy\" decoding=\"async\" width=\"572\" height=\"676\" src=\"http:\/\/www.antoniomrguerra.com\/wp-content\/uploads\/2020\/04\/peyamha.png\" alt=\"\" class=\"wp-image-2058\" srcset=\"https:\/\/www.antoniomrguerra.com\/pt\/wp-content\/uploads\/2020\/04\/peyamha.png 572w, https:\/\/www.antoniomrguerra.com\/pt\/wp-content\/uploads\/2020\/04\/peyamha-254x300.png 254w\" sizes=\"auto, (max-width: 572px) 100vw, 572px\" \/><\/figure>\n<\/div>\n\n\n<h6 id=\"wp-block-themeisle-blocks-advanced-heading-f7daf7a5\" class=\"wp-block-themeisle-blocks-advanced-heading wp-block-themeisle-blocks-advanced-heading-f7daf7a5\">Yamaha<\/h6>\n\n\n\n<div class=\"wp-block-group\"><div class=\"wp-block-group__inner-container is-layout-flow wp-block-group-is-layout-flow\">\n<div class=\"wp-block-buttons is-content-justification-center is-layout-flex wp-container-core-buttons-is-layout-16018d1d wp-block-buttons-is-layout-flex\">\n<div class=\"wp-block-button is-style-outline animated shake is-style-outline--6\"><a class=\"wp-block-button__link has-text-color wp-element-button\" href=\"https:\/\/www.yamaha-motor.eu\/gb\/en\/service-support\/parts-catalogue\/\" style=\"border-radius:10px;color:#6f1d7c\">cat\u00e1logo Pe\u00e7as<\/a><\/div>\n<\/div>\n<\/div><\/div>\n<\/div>\n<\/div><\/div>\n\n\n\n<p class=\"has-text-align-center has-large-font-size\"><strong>Formul\u00e1rio para pedido de or\u00e7amento<\/strong><\/p>\n\n\n\n<div class=\"wp-block-themeisle-blocks-advanced-columns has-2-columns has-desktop-twoOne-layout has-tablet-equal-layout has-mobile-collapsedRows-layout has-default-gap has-vertical-unset\" id=\"wp-block-themeisle-blocks-advanced-columns-b6fcb9bf\"><div class=\"wp-block-themeisle-blocks-advanced-columns-overlay\"><\/div><div class=\"innerblocks-wrap\">\n<div class=\"wp-block-themeisle-blocks-advanced-column ticss-b2e953c7\" id=\"wp-block-themeisle-blocks-advanced-column-b2e953c7\"><div role=\"form\" class=\"wpcf7\" id=\"wpcf7-f2065-o1\" lang=\"pt-PT\" dir=\"ltr\">\n<div class=\"screen-reader-response\"><p role=\"status\" aria-live=\"polite\" aria-atomic=\"true\"><\/p> <ul><\/ul><\/div>\n<form action=\"\/pt\/wp-json\/wp\/v2\/pages\/40#wpcf7-f2065-o1\" method=\"post\" class=\"wpcf7-form init\" enctype=\"multipart\/form-data\" novalidate=\"novalidate\" data-status=\"init\">\n<div style=\"display: none;\">\n<input type=\"hidden\" name=\"_wpcf7\" value=\"2065\" \/>\n<input type=\"hidden\" name=\"_wpcf7_version\" value=\"5.5.3\" \/>\n<input type=\"hidden\" name=\"_wpcf7_locale\" value=\"pt_PT\" \/>\n<input type=\"hidden\" name=\"_wpcf7_unit_tag\" value=\"wpcf7-f2065-o1\" \/>\n<input type=\"hidden\" name=\"_wpcf7_container_post\" value=\"0\" \/>\n<input type=\"hidden\" name=\"_wpcf7_posted_data_hash\" value=\"\" \/>\n<input type=\"hidden\" name=\"_wpcf7_recaptcha_response\" value=\"\" \/>\n<\/div>\n<div class=\"wpcf7-response-output\" aria-hidden=\"true\"><\/div>\n<p>Os campos com (*) s\u00e3o preenchimento obrigat\u00f3rio<br \/>\n*<span class=\"wpcf7-form-control-wrap your-name\"><input type=\"text\" name=\"your-name\" value=\"\" size=\"40\" class=\"wpcf7-form-control wpcf7-text wpcf7-validates-as-required\" aria-required=\"true\" aria-invalid=\"false\" placeholder=\"Nome\" \/><\/span><br \/>\n*<span class=\"wpcf7-form-control-wrap your-email\"><input type=\"email\" name=\"your-email\" value=\"\" size=\"40\" class=\"wpcf7-form-control wpcf7-text wpcf7-email wpcf7-validates-as-required wpcf7-validates-as-email\" aria-required=\"true\" aria-invalid=\"false\" placeholder=\"Email\" \/><\/span><br \/>\n*<span class=\"wpcf7-form-control-wrap menu-779\"><select name=\"menu-779\" class=\"wpcf7-form-control wpcf7-select wpcf7-validates-as-required\" aria-required=\"true\" aria-invalid=\"false\"><option value=\"Evinrude\">Evinrude<\/option><option value=\"Honda\">Honda<\/option><option value=\"Johnson\">Johnson<\/option><option value=\"Mariner\">Mariner<\/option><option value=\"Mercury\">Mercury<\/option><option value=\"Mercruiser\">Mercruiser<\/option><option value=\"Omc\">Omc<\/option><option value=\"Penta Volvo\">Penta Volvo<\/option><option value=\"Suzuki\">Suzuki<\/option><option value=\"Yamaha\">Yamaha<\/option><\/select><\/span><br \/>\n*<span class=\"wpcf7-form-control-wrap your-message\"><input type=\"text\" name=\"your-message\" value=\"\" size=\"40\" class=\"wpcf7-form-control wpcf7-text wpcf7-validates-as-required\" aria-required=\"true\" aria-invalid=\"false\" placeholder=\"Mensagem\" \/><\/span><br \/>\nPode submeter-nos uma listagem de pe\u00e7as em formato PDF ou TXT!<br \/>\n<span class=\"wpcf7-form-control-wrap file-962\"><input type=\"file\" name=\"file-962\" size=\"40\" class=\"wpcf7-form-control wpcf7-file\" accept=\".pdf,.txt\" aria-invalid=\"false\" \/><\/span><br \/>\n<input type=\"submit\" value=\"Enviar\" class=\"wpcf7-form-control has-spinner wpcf7-submit\" \/><\/p>\n<p style=\"display: none !important;\"><label>&#916;<textarea name=\"_wpcf7_ak_hp_textarea\" cols=\"45\" rows=\"8\" maxlength=\"100\"><\/textarea><\/label><input type=\"hidden\" id=\"ak_js\" name=\"_wpcf7_ak_js\" value=\"161\"\/><script>document.getElementById( \"ak_js\" ).setAttribute( \"value\", ( new Date() ).getTime() );<\/script><\/p><\/form><\/div>\n<\/div>\n\n\n\n<div class=\"wp-block-themeisle-blocks-advanced-column\" id=\"wp-block-themeisle-blocks-advanced-column-0c4efd8c\"><div class=\"wp-block-image\">\n<figure class=\"aligncenter size-large\"><img decoding=\"async\" src=\"https:\/\/www.antoniomrguerra.com\/pt\/wp-content\/uploads\/2020\/04\/esquema.png\" alt=\"\"\/><\/figure>\n<\/div><\/div>\n<\/div><\/div>\n","protected":false},"excerpt":{"rendered":"<p>Bem vindo a sec\u00e7\u00e3o de cat\u00e1logos de pe\u00e7as outboards e inboards online, atrav\u00e9s desta funcionalidade poder\u00e1 localizar refer\u00eancias das pe\u00e7as para o seu motor Mercury, Mariner, Mercruiser, Yamaha, Suzuki, Johnson*, Evinrude*, Omc*, Penta Volvo, Honda e colocar-nos o seu pedido de cota\u00e7\u00e3o atrav\u00e9s do formul\u00e1rio no rodap\u00e9 desta p\u00e1gina ao qual lhe daremos a devida&hellip;&nbsp;<a href=\"https:\/\/www.antoniomrguerra.com\/pt\/pecas\/\" class=\"\" rel=\"bookmark\">Ler mais &raquo;<span class=\"screen-reader-text\">Pe\u00e7as<\/span><\/a><\/p>\n","protected":false},"author":1,"featured_media":0,"parent":0,"menu_order":0,"comment_status":"closed","ping_status":"closed","template":"","meta":{"sfsi_plus_gutenberg_text_before_share":"","sfsi_plus_gutenberg_show_text_before_share":"","sfsi_plus_gutenberg_icon_type":"","sfsi_plus_gutenberg_icon_alignemt":"","sfsi_plus_gutenburg_max_per_row":"","neve_meta_sidebar":"","neve_meta_container":"","neve_meta_enable_content_width":"on","neve_meta_content_width":100,"neve_meta_title_alignment":"","neve_meta_author_avatar":"","neve_post_elements_order":"","neve_meta_disable_header":"","neve_meta_disable_footer":"","neve_meta_disable_title":"","_themeisle_gutenberg_block_has_review":false,"footnotes":""},"class_list":["post-40","page","type-page","status-publish","hentry"],"_links":{"self":[{"href":"https:\/\/www.antoniomrguerra.com\/pt\/wp-json\/wp\/v2\/pages\/40","targetHints":{"allow":["GET"]}}],"collection":[{"href":"https:\/\/www.antoniomrguerra.com\/pt\/wp-json\/wp\/v2\/pages"}],"about":[{"href":"https:\/\/www.antoniomrguerra.com\/pt\/wp-json\/wp\/v2\/types\/page"}],"author":[{"embeddable":true,"href":"https:\/\/www.antoniomrguerra.com\/pt\/wp-json\/wp\/v2\/users\/1"}],"replies":[{"embeddable":true,"href":"https:\/\/www.antoniomrguerra.com\/pt\/wp-json\/wp\/v2\/comments?post=40"}],"version-history":[{"count":77,"href":"https:\/\/www.antoniomrguerra.com\/pt\/wp-json\/wp\/v2\/pages\/40\/revisions"}],"predecessor-version":[{"id":3930,"href":"https:\/\/www.antoniomrguerra.com\/pt\/wp-json\/wp\/v2\/pages\/40\/revisions\/3930"}],"wp:attachment":[{"href":"https:\/\/www.antoniomrguerra.com\/pt\/wp-json\/wp\/v2\/media?parent=40"}],"curies":[{"name":"wp","href":"https:\/\/api.w.org\/{rel}","templated":true}]}}